{"id":99252,"date":"2017-03-22T22:16:56","date_gmt":"2017-03-22T22:16:56","guid":{"rendered":"http:\/\/keramika.holest.com\/slovenija\/product\/talne-in-stenske-ploscice-emigres-palace-beige\/"},"modified":"2025-12-31T00:02:47","modified_gmt":"2025-12-31T00:02:47","slug":"talne-in-stenske-ploscice-emigres-palace-beige","status":"publish","type":"product","link":"https:\/\/www.keramika.com\/slovenija\/talne-in-stenske-ploscice-emigres-palace-beige\/","title":{"rendered":"Talne in stenske plo\u0161\u010dice Emigres Palace beige"},"content":{"rendered":"<p>Pri izbiri plo\u0161\u010dice v be\u017e barvi ne morete zgre\u0161iti. Velikost te plo\u0161\u010dice je 20&#215;60 cm. 9 mm je debelina, ki zadovolji tudi zahtevnej\u0161e kupce. Emigres Palace beige je pripeljana iz \u0160panije in je zelo kvalitetna. V redni prodaji bi morali za to plo\u0161\u010dico od\u0161teti 24,5 EUR, spletna cena pa zna\u0161a le 19,6 EUR.<\/p>\n<p>Kliknite na ime kolekcije za ogled vseh plo\u0161\u010dic iz te serije: <a class=\"pdfcatal\" href=\"\/\/www.ceramictiles.com\/pdf\/emigres\/catalogue_emigres_palace.pdf\" onclick=\"recordOutboundLink(this, 'E-mail', 'Description PDF');return false;\">Emigres Palace<\/a><\/p>\n<p>\u010ce \u017eelite naro\u010diti model iz pdf kataloga te kolekcije, nam pi\u0161ite na: <a href=\"mailto:keramoteka.salon@gmail.com\" onclick=\"recordOutboundLink(this, 'E-mail', 'Description mail');return false;\">keramoteka.salon@gmail.com<\/a> ali pa nas pokli\u010dite na: 031 255 900.<\/p>\n<p>Technical description: <br \/> W &#038; F 20&#215;60 ; 31,6&#215;31,6 <br \/>Palace Beige ; Palace Crema ; Palace Marr\u00f3n ; Palace Gris ; Palace Blanco ; Palace Azul ;<\/p>\n","protected":false},"excerpt":{"rendered":"<p>Pri izbiri plo\u0161\u010dice v be\u017e barvi ne morete zgre\u0161iti. Velikost te plo\u0161\u010dice je 20&#215;60 cm. 9 mm je debelina, ki zadovolji tudi zahtevnej\u0161e kupce. Emigres Palace beige je pripeljana iz \u0160panije in je zelo kvalitetna. V redni prodaji bi morali za to plo\u0161\u010dico od\u0161teti 24,5 EUR, spletna cena pa zna\u0161a le 19,6 EUR. Kliknite na [&hellip;]<\/p>\n","protected":false},"featured_media":99253,"template":"","meta":[],"product_cat":[210,9991089,200,220,999,250],"product_tag":[],"_links":{"self":[{"href":"https:\/\/www.keramika.com\/slovenija\/wp-json\/wp\/v2\/product\/99252"}],"collection":[{"href":"https:\/\/www.keramika.com\/slovenija\/wp-json\/wp\/v2\/product"}],"about":[{"href":"https:\/\/www.keramika.com\/slovenija\/wp-json\/wp\/v2\/types\/product"}],"wp:featuredmedia":[{"embeddable":true,"href":"https:\/\/www.keramika.com\/slovenija\/wp-json\/wp\/v2\/media\/99253"}],"wp:attachment":[{"href":"https:\/\/www.keramika.com\/slovenija\/wp-json\/wp\/v2\/media?parent=99252"}],"wp:term":[{"taxonomy":"product_cat","embeddable":true,"href":"https:\/\/www.keramika.com\/slovenija\/wp-json\/wp\/v2\/product_cat?post=99252"},{"taxonomy":"product_tag","embeddable":true,"href":"https:\/\/www.keramika.com\/slovenija\/wp-json\/wp\/v2\/product_tag?post=99252"}],"curies":[{"name":"wp","href":"https:\/\/api.w.org\/{rel}","templated":true}]}}