{"id":99244,"date":"2017-03-22T22:16:49","date_gmt":"2017-03-22T22:16:49","guid":{"rendered":"http:\/\/keramika.holest.com\/slovenija\/product\/3d-ploscice-emigres-numancia\/"},"modified":"2025-12-31T00:02:46","modified_gmt":"2025-12-31T00:02:46","slug":"3d-ploscice-emigres-numancia","status":"publish","type":"product","link":"https:\/\/www.keramika.com\/slovenija\/3d-ploscice-emigres-numancia\/","title":{"rendered":"3D plo\u0161\u010dice Emigres Numancia"},"content":{"rendered":"<p>Emigres Numancia prihaja iz \u0160panije, ki je znana po zelo kvalitetni keramiki v svetovnem merilu. Ta model plo\u0161\u010dice se najbolje prodaja v rjavi barvi. Namesto 22,28 EUR kot bi za to plo\u0161\u010dico od\u0161teli v klasi\u010dni trgovini, boste v na\u0161i spletni prodajalni od\u0161teli le 17,82 EUR. Velikost te plo\u0161\u010dice je 15&#215;50 cm. 9 mm debeline je dovolj tudi za zahtevnej\u0161e kupce.<\/p>\n<p>Kliknite na ime kolekcije za ogled vseh plo\u0161\u010dic iz te serije: <a class=\"pdfcatal\" href=\"\/\/www.ceramictiles.com\/pdf\/emigres\/catalogue_emigres_numancia.pdf\" onclick=\"recordOutboundLink(this, 'E-mail', 'Description PDF');return false;\">Emigres Numancia<\/a><\/p>\n<p>\u010ce \u017eelite naro\u010diti model iz pdf kataloga te kolekcije, nam pi\u0161ite na: <a href=\"mailto:keramoteka.salon@gmail.com\" onclick=\"recordOutboundLink(this, 'E-mail', 'Description mail');return false;\">keramoteka.salon@gmail.com<\/a> ali pa nas pokli\u010dite na: 031 255 900.<\/p>\n<p>Technical description: <br \/> W 15&#215;50 <br \/>Numancia Blanco ; Numancia Negro ; Numancia Beige ; Numancia Ocre ;<\/p>\n","protected":false},"excerpt":{"rendered":"<p>Emigres Numancia prihaja iz \u0160panije, ki je znana po zelo kvalitetni keramiki v svetovnem merilu. Ta model plo\u0161\u010dice se najbolje prodaja v rjavi barvi. Namesto 22,28 EUR kot bi za to plo\u0161\u010dico od\u0161teli v klasi\u010dni trgovini, boste v na\u0161i spletni prodajalni od\u0161teli le 17,82 EUR. Velikost te plo\u0161\u010dice je 15&#215;50 cm. 9 mm debeline je [&hellip;]<\/p>\n","protected":false},"featured_media":99245,"template":"","meta":[],"product_cat":[210,9991089,200,220,999,250],"product_tag":[99921971],"_links":{"self":[{"href":"https:\/\/www.keramika.com\/slovenija\/wp-json\/wp\/v2\/product\/99244"}],"collection":[{"href":"https:\/\/www.keramika.com\/slovenija\/wp-json\/wp\/v2\/product"}],"about":[{"href":"https:\/\/www.keramika.com\/slovenija\/wp-json\/wp\/v2\/types\/product"}],"wp:featuredmedia":[{"embeddable":true,"href":"https:\/\/www.keramika.com\/slovenija\/wp-json\/wp\/v2\/media\/99245"}],"wp:attachment":[{"href":"https:\/\/www.keramika.com\/slovenija\/wp-json\/wp\/v2\/media?parent=99244"}],"wp:term":[{"taxonomy":"product_cat","embeddable":true,"href":"https:\/\/www.keramika.com\/slovenija\/wp-json\/wp\/v2\/product_cat?post=99244"},{"taxonomy":"product_tag","embeddable":true,"href":"https:\/\/www.keramika.com\/slovenija\/wp-json\/wp\/v2\/product_tag?post=99244"}],"curies":[{"name":"wp","href":"https:\/\/api.w.org\/{rel}","templated":true}]}}