{"id":99242,"date":"2017-03-22T22:16:48","date_gmt":"2017-03-22T22:16:48","guid":{"rendered":"http:\/\/keramika.holest.com\/slovenija\/product\/mozaik-ploscice-emigres-mosaic-inox-blanco\/"},"modified":"2025-12-31T00:02:46","modified_gmt":"2025-12-31T00:02:46","slug":"mozaik-ploscice-emigres-mosaic-inox-blanco","status":"publish","type":"product","link":"https:\/\/www.keramika.com\/slovenija\/mozaik-ploscice-emigres-mosaic-inox-blanco\/","title":{"rendered":"Mozaik plo\u0161\u010dice Emigres Mosaic inox blanco"},"content":{"rendered":"<p>Prihaja iz \u0160panije, ki po svetu slovi kot ena bolj\u0161ih proizvajalk kerami\u010dnih plo\u0161\u010dic. Z velikostjo 20&#215;60 cm je ta plo\u0161\u010dica primerna ze razli\u010dne povr\u0161ine. Keramika v rjavi barvi popestri vsak prostor. Zaradi ni\u017ejih stro\u0161kov pri spletni prodaji boste na na\u0161i strani za to plo\u0161\u010dico od\u0161teli le 22,58 EUR. Debelina kar 9 mm dela to plo\u0161\u010dico zelo trpe\u017eno in presti\u017eno na otip.<\/p>\n<p>Kliknite na ime kolekcije za ogled vseh plo\u0161\u010dic iz te serije: <a class=\"pdfcatal\" href=\"\/\/www.ceramictiles.com\/pdf\/emigres\/catalogue_emigres_mosaic_inox.pdf\" onclick=\"recordOutboundLink(this, 'E-mail', 'Description PDF');return false;\">Emigres Mosaic<\/a><\/p>\n<p>\u010ce \u017eelite naro\u010diti model iz pdf kataloga te kolekcije, nam pi\u0161ite na: <a href=\"mailto:keramoteka.salon@gmail.com\" onclick=\"recordOutboundLink(this, 'E-mail', 'Description mail');return false;\">keramoteka.salon@gmail.com<\/a> ali pa nas pokli\u010dite na: 031 255 900.<\/p>\n<p>Technical description: <br \/> W 20&#215;60 <br \/>Mosaic Blanco ; Mosaic Inox ;<\/p>\n","protected":false},"excerpt":{"rendered":"<p>Prihaja iz \u0160panije, ki po svetu slovi kot ena bolj\u0161ih proizvajalk kerami\u010dnih plo\u0161\u010dic. Z velikostjo 20&#215;60 cm je ta plo\u0161\u010dica primerna ze razli\u010dne povr\u0161ine. Keramika v rjavi barvi popestri vsak prostor. Zaradi ni\u017ejih stro\u0161kov pri spletni prodaji boste na na\u0161i strani za to plo\u0161\u010dico od\u0161teli le 22,58 EUR. Debelina kar 9 mm dela to plo\u0161\u010dico [&hellip;]<\/p>\n","protected":false},"featured_media":99243,"template":"","meta":[],"product_cat":[210,9991089,200,230,999,250],"product_tag":[],"_links":{"self":[{"href":"https:\/\/www.keramika.com\/slovenija\/wp-json\/wp\/v2\/product\/99242"}],"collection":[{"href":"https:\/\/www.keramika.com\/slovenija\/wp-json\/wp\/v2\/product"}],"about":[{"href":"https:\/\/www.keramika.com\/slovenija\/wp-json\/wp\/v2\/types\/product"}],"wp:featuredmedia":[{"embeddable":true,"href":"https:\/\/www.keramika.com\/slovenija\/wp-json\/wp\/v2\/media\/99243"}],"wp:attachment":[{"href":"https:\/\/www.keramika.com\/slovenija\/wp-json\/wp\/v2\/media?parent=99242"}],"wp:term":[{"taxonomy":"product_cat","embeddable":true,"href":"https:\/\/www.keramika.com\/slovenija\/wp-json\/wp\/v2\/product_cat?post=99242"},{"taxonomy":"product_tag","embeddable":true,"href":"https:\/\/www.keramika.com\/slovenija\/wp-json\/wp\/v2\/product_tag?post=99242"}],"curies":[{"name":"wp","href":"https:\/\/api.w.org\/{rel}","templated":true}]}}