{"id":99240,"date":"2017-03-22T22:16:47","date_gmt":"2017-03-22T22:16:47","guid":{"rendered":"http:\/\/keramika.holest.com\/slovenija\/product\/mozaik-ploscice-emigres-mosaic-20x60-negro\/"},"modified":"2025-12-31T00:02:45","modified_gmt":"2025-12-31T00:02:45","slug":"mozaik-ploscice-emigres-mosaic-20x60-negro","status":"publish","type":"product","link":"https:\/\/www.keramika.com\/slovenija\/mozaik-ploscice-emigres-mosaic-20x60-negro\/","title":{"rendered":"Mozaik plo\u0161\u010dice Emigres Mosaic 20&#215;60 negro"},"content":{"rendered":"<p>Ta model plo\u0161\u010dice se najbolje prodaja v \u010drni barvi. \u0160irina in dol\u017eina te plo\u0161\u010dice sta 20&#215;60 cm. V redni prodaji bi morali za to plo\u0161\u010dico od\u0161teti 24,5 EUR, spletna cena pa zna\u0161a le 19,6 EUR. Debelina plo\u0161\u010dice je zelo pomembna in 9 mm uvr\u0161\u010da to plo\u0161\u010dico med najkvalitetnej\u0161e. Emigres Mosaic 20&#215;60 negro prihaja iz \u0160panije, ki je znana po zelo kvalitetni keramiki v svetovnem merilu.<\/p>\n<p>Kliknite na ime kolekcije za ogled vseh plo\u0161\u010dic iz te serije: <a class=\"pdfcatal\" href=\"\/\/www.ceramictiles.com\/pdf\/emigres\/catalogue_emigres_mosaic.pdf\" onclick=\"recordOutboundLink(this, 'E-mail', 'Description PDF');return false;\">Emigres Mosaic 20&#215;60<\/a><\/p>\n<p>\u010ce \u017eelite naro\u010diti model iz pdf kataloga te kolekcije, nam pi\u0161ite na: <a href=\"mailto:keramoteka.salon@gmail.com\" onclick=\"recordOutboundLink(this, 'E-mail', 'Description mail');return false;\">keramoteka.salon@gmail.com<\/a> ali pa nas pokli\u010dite na: 031 255 900.<\/p>\n<p>Technical description: <br \/> W 20&#215;60 <br \/>Mosaic Blanco ; Mosaic Gris ; Mosaic Azul ; Mosaic Negro ; Mosaic Beige ; Mosaic Marr\u00f3n ;<\/p>\n","protected":false},"excerpt":{"rendered":"<p>Ta model plo\u0161\u010dice se najbolje prodaja v \u010drni barvi. \u0160irina in dol\u017eina te plo\u0161\u010dice sta 20&#215;60 cm. V redni prodaji bi morali za to plo\u0161\u010dico od\u0161teti 24,5 EUR, spletna cena pa zna\u0161a le 19,6 EUR. Debelina plo\u0161\u010dice je zelo pomembna in 9 mm uvr\u0161\u010da to plo\u0161\u010dico med najkvalitetnej\u0161e. Emigres Mosaic 20&#215;60 negro prihaja iz \u0160panije, [&hellip;]<\/p>\n","protected":false},"featured_media":99241,"template":"","meta":[],"product_cat":[210,9991089,200,220,999,250],"product_tag":[],"_links":{"self":[{"href":"https:\/\/www.keramika.com\/slovenija\/wp-json\/wp\/v2\/product\/99240"}],"collection":[{"href":"https:\/\/www.keramika.com\/slovenija\/wp-json\/wp\/v2\/product"}],"about":[{"href":"https:\/\/www.keramika.com\/slovenija\/wp-json\/wp\/v2\/types\/product"}],"wp:featuredmedia":[{"embeddable":true,"href":"https:\/\/www.keramika.com\/slovenija\/wp-json\/wp\/v2\/media\/99241"}],"wp:attachment":[{"href":"https:\/\/www.keramika.com\/slovenija\/wp-json\/wp\/v2\/media?parent=99240"}],"wp:term":[{"taxonomy":"product_cat","embeddable":true,"href":"https:\/\/www.keramika.com\/slovenija\/wp-json\/wp\/v2\/product_cat?post=99240"},{"taxonomy":"product_tag","embeddable":true,"href":"https:\/\/www.keramika.com\/slovenija\/wp-json\/wp\/v2\/product_tag?post=99240"}],"curies":[{"name":"wp","href":"https:\/\/api.w.org\/{rel}","templated":true}]}}