{"id":99238,"date":"2017-03-22T22:16:46","date_gmt":"2017-03-22T22:16:46","guid":{"rendered":"http:\/\/keramika.holest.com\/slovenija\/product\/stenske-dekorativne-ploscice-emigres-montecarlo-beige\/"},"modified":"2025-12-31T00:02:45","modified_gmt":"2025-12-31T00:02:45","slug":"stenske-dekorativne-ploscice-emigres-montecarlo-beige","status":"publish","type":"product","link":"https:\/\/www.keramika.com\/slovenija\/stenske-dekorativne-ploscice-emigres-montecarlo-beige\/","title":{"rendered":"Stenske dekorativne plo\u0161\u010dice Emigres Montecarlo beige"},"content":{"rendered":"<p>Prihaja iz \u0160panije, ki po svetu slovi kot ena bolj\u0161ih proizvajalk kerami\u010dnih plo\u0161\u010dic. Z velikostjo 20&#215;60 cm je ta plo\u0161\u010dica primerna ze razli\u010dne povr\u0161ine. Letos so plo\u0161\u010dice v beli barvi zelo za\u017eeljene. Plo\u0161\u010dica je debela kar 9 mm, kar jo uvr\u0161\u010da med bolj trde plo\u0161\u010dice. Emigres Montecarlo beige je na voljo po zelo ugodni ceni 22,1 EUR.<\/p>\n<p>Kliknite na ime kolekcije za ogled vseh plo\u0161\u010dic iz te serije: <a class=\"pdfcatal\" href=\"\/\/www.ceramictiles.com\/pdf\/emigres\/catalogue_emigres_montecarlo.pdf\" onclick=\"recordOutboundLink(this, 'E-mail', 'Description PDF');return false;\">Emigres Montecarlo<\/a><\/p>\n<p>\u010ce \u017eelite naro\u010diti model iz pdf kataloga te kolekcije, nam pi\u0161ite na: <a href=\"mailto:keramoteka.salon@gmail.com\" onclick=\"recordOutboundLink(this, 'E-mail', 'Description mail');return false;\">keramoteka.salon@gmail.com<\/a> ali pa nas pokli\u010dite na: 031 255 900.<\/p>\n<p>Technical description: <br \/> W 20&#215;60 <br \/>Montecarlo Beige ; Montecarlo Azul ; Montecarlo Rosa ;<\/p>\n","protected":false},"excerpt":{"rendered":"<p>Prihaja iz \u0160panije, ki po svetu slovi kot ena bolj\u0161ih proizvajalk kerami\u010dnih plo\u0161\u010dic. Z velikostjo 20&#215;60 cm je ta plo\u0161\u010dica primerna ze razli\u010dne povr\u0161ine. Letos so plo\u0161\u010dice v beli barvi zelo za\u017eeljene. Plo\u0161\u010dica je debela kar 9 mm, kar jo uvr\u0161\u010da med bolj trde plo\u0161\u010dice. Emigres Montecarlo beige je na voljo po zelo ugodni ceni [&hellip;]<\/p>\n","protected":false},"featured_media":99239,"template":"","meta":[],"product_cat":[210,9991089,200,220,999,250],"product_tag":[],"_links":{"self":[{"href":"https:\/\/www.keramika.com\/slovenija\/wp-json\/wp\/v2\/product\/99238"}],"collection":[{"href":"https:\/\/www.keramika.com\/slovenija\/wp-json\/wp\/v2\/product"}],"about":[{"href":"https:\/\/www.keramika.com\/slovenija\/wp-json\/wp\/v2\/types\/product"}],"wp:featuredmedia":[{"embeddable":true,"href":"https:\/\/www.keramika.com\/slovenija\/wp-json\/wp\/v2\/media\/99239"}],"wp:attachment":[{"href":"https:\/\/www.keramika.com\/slovenija\/wp-json\/wp\/v2\/media?parent=99238"}],"wp:term":[{"taxonomy":"product_cat","embeddable":true,"href":"https:\/\/www.keramika.com\/slovenija\/wp-json\/wp\/v2\/product_cat?post=99238"},{"taxonomy":"product_tag","embeddable":true,"href":"https:\/\/www.keramika.com\/slovenija\/wp-json\/wp\/v2\/product_tag?post=99238"}],"curies":[{"name":"wp","href":"https:\/\/api.w.org\/{rel}","templated":true}]}}