{"id":99236,"date":"2017-03-22T22:16:45","date_gmt":"2017-03-22T22:16:45","guid":{"rendered":"http:\/\/keramika.holest.com\/slovenija\/product\/mozaik-ploscice-emigres-monaco-rosa\/"},"modified":"2025-12-31T00:02:45","modified_gmt":"2025-12-31T00:02:45","slug":"mozaik-ploscice-emigres-monaco-rosa","status":"publish","type":"product","link":"https:\/\/www.keramika.com\/slovenija\/mozaik-ploscice-emigres-monaco-rosa\/","title":{"rendered":"Mozaik plo\u0161\u010dice Emigres Monaco rosa"},"content":{"rendered":"<p>Zaradi ni\u017ejih stro\u0161kov pri spletni prodaji boste na na\u0161i strani za to plo\u0161\u010dico od\u0161teli le 19,6 EUR. Ta plo\u0161\u010dica prihaja iz \u0160panije, ki je znana po kvalitetni keramiki. Z 20&#215;60 cm je ta plo\u0161\u010dica primerna za razli\u010dne podlage. 9 mm debeline je dovolj tudi za zahtevnej\u0161e kupce. Pri izbiri plo\u0161\u010dice v be\u017e barvi ne morete zgre\u0161iti.<\/p>\n<p>Kliknite na ime kolekcije za ogled vseh plo\u0161\u010dic iz te serije: <a class=\"pdfcatal\" href=\"\/\/www.ceramictiles.com\/pdf\/emigres\/catalogue_emigres_monaco.pdf\" onclick=\"recordOutboundLink(this, 'E-mail', 'Description PDF');return false;\">Emigres Monaco<\/a><\/p>\n<p>\u010ce \u017eelite naro\u010diti model iz pdf kataloga te kolekcije, nam pi\u0161ite na: <a href=\"mailto:keramoteka.salon@gmail.com\" onclick=\"recordOutboundLink(this, 'E-mail', 'Description mail');return false;\">keramoteka.salon@gmail.com<\/a> ali pa nas pokli\u010dite na: 031 255 900.<\/p>\n<p>Technical description: <br \/> W 20&#215;60 <br \/>M\u00f3naco Beige ; M\u00f3naco Marr\u00f3n ; M\u00f3naco Blanco ; M\u00f3naco Azul ; M\u00f3naco Rosa ;<\/p>\n","protected":false},"excerpt":{"rendered":"<p>Zaradi ni\u017ejih stro\u0161kov pri spletni prodaji boste na na\u0161i strani za to plo\u0161\u010dico od\u0161teli le 19,6 EUR. Ta plo\u0161\u010dica prihaja iz \u0160panije, ki je znana po kvalitetni keramiki. Z 20&#215;60 cm je ta plo\u0161\u010dica primerna za razli\u010dne podlage. 9 mm debeline je dovolj tudi za zahtevnej\u0161e kupce. Pri izbiri plo\u0161\u010dice v be\u017e barvi ne morete [&hellip;]<\/p>\n","protected":false},"featured_media":99237,"template":"","meta":[],"product_cat":[210,9991089,200,220,999,250],"product_tag":[],"_links":{"self":[{"href":"https:\/\/www.keramika.com\/slovenija\/wp-json\/wp\/v2\/product\/99236"}],"collection":[{"href":"https:\/\/www.keramika.com\/slovenija\/wp-json\/wp\/v2\/product"}],"about":[{"href":"https:\/\/www.keramika.com\/slovenija\/wp-json\/wp\/v2\/types\/product"}],"wp:featuredmedia":[{"embeddable":true,"href":"https:\/\/www.keramika.com\/slovenija\/wp-json\/wp\/v2\/media\/99237"}],"wp:attachment":[{"href":"https:\/\/www.keramika.com\/slovenija\/wp-json\/wp\/v2\/media?parent=99236"}],"wp:term":[{"taxonomy":"product_cat","embeddable":true,"href":"https:\/\/www.keramika.com\/slovenija\/wp-json\/wp\/v2\/product_cat?post=99236"},{"taxonomy":"product_tag","embeddable":true,"href":"https:\/\/www.keramika.com\/slovenija\/wp-json\/wp\/v2\/product_tag?post=99236"}],"curies":[{"name":"wp","href":"https:\/\/api.w.org\/{rel}","templated":true}]}}