{"id":99222,"date":"2017-03-22T22:16:37","date_gmt":"2017-03-22T22:16:37","guid":{"rendered":"http:\/\/keramika.holest.com\/slovenija\/product\/ploscice-imitacija-kamna-emigres-fredes\/"},"modified":"2025-12-31T00:02:42","modified_gmt":"2025-12-31T00:02:42","slug":"ploscice-imitacija-kamna-emigres-fredes","status":"publish","type":"product","link":"https:\/\/www.keramika.com\/slovenija\/ploscice-imitacija-kamna-emigres-fredes\/","title":{"rendered":"Plo\u0161\u010dice imitacija kamna Emigres Fredes"},"content":{"rendered":"<p>Emigres Fredes je plo\u0161\u010dica proizvajalca Emigres in prihaja iz \u0160panije. Zelo moderna plo\u0161\u010dica v be\u017e barvi popestri prav vsak prostor. Z 15&#215;50 cm je ta plo\u0161\u010dica primerna za razli\u010dne podlage. Namesto 22,28 EUR kot bi za to plo\u0161\u010dico od\u0161teli v klasi\u010dni trgovini, boste v na\u0161i spletni prodajalni od\u0161teli le 17,82 EUR. Debelina plo\u0161\u010dice je zelo pomembna in 9 mm uvr\u0161\u010da to plo\u0161\u010dico med najkvalitetnej\u0161e.<\/p>\n<p>Kliknite na ime kolekcije za ogled vseh plo\u0161\u010dic iz te serije: <a class=\"pdfcatal\" href=\"\/\/www.ceramictiles.com\/pdf\/emigres\/catalogue_emigres_fredes.pdf\" onclick=\"recordOutboundLink(this, 'E-mail', 'Description PDF');return false;\">Emigres Fredes<\/a><\/p>\n<p>\u010ce \u017eelite naro\u010diti model iz pdf kataloga te kolekcije, nam pi\u0161ite na: <a href=\"mailto:keramoteka.salon@gmail.com\" onclick=\"recordOutboundLink(this, 'E-mail', 'Description mail');return false;\">keramoteka.salon@gmail.com<\/a> ali pa nas pokli\u010dite na: 031 255 900.<\/p>\n<p>Technical description: <br \/> W 15&#215;50 <br \/>Fredes Gris ; Fredes Beige ; Fredes Marr\u00f3n ;<\/p>\n","protected":false},"excerpt":{"rendered":"<p>Emigres Fredes je plo\u0161\u010dica proizvajalca Emigres in prihaja iz \u0160panije. Zelo moderna plo\u0161\u010dica v be\u017e barvi popestri prav vsak prostor. Z 15&#215;50 cm je ta plo\u0161\u010dica primerna za razli\u010dne podlage. Namesto 22,28 EUR kot bi za to plo\u0161\u010dico od\u0161teli v klasi\u010dni trgovini, boste v na\u0161i spletni prodajalni od\u0161teli le 17,82 EUR. Debelina plo\u0161\u010dice je zelo [&hellip;]<\/p>\n","protected":false},"featured_media":99223,"template":"","meta":[],"product_cat":[210,9991089,200,260,999,240],"product_tag":[],"_links":{"self":[{"href":"https:\/\/www.keramika.com\/slovenija\/wp-json\/wp\/v2\/product\/99222"}],"collection":[{"href":"https:\/\/www.keramika.com\/slovenija\/wp-json\/wp\/v2\/product"}],"about":[{"href":"https:\/\/www.keramika.com\/slovenija\/wp-json\/wp\/v2\/types\/product"}],"wp:featuredmedia":[{"embeddable":true,"href":"https:\/\/www.keramika.com\/slovenija\/wp-json\/wp\/v2\/media\/99223"}],"wp:attachment":[{"href":"https:\/\/www.keramika.com\/slovenija\/wp-json\/wp\/v2\/media?parent=99222"}],"wp:term":[{"taxonomy":"product_cat","embeddable":true,"href":"https:\/\/www.keramika.com\/slovenija\/wp-json\/wp\/v2\/product_cat?post=99222"},{"taxonomy":"product_tag","embeddable":true,"href":"https:\/\/www.keramika.com\/slovenija\/wp-json\/wp\/v2\/product_tag?post=99222"}],"curies":[{"name":"wp","href":"https:\/\/api.w.org\/{rel}","templated":true}]}}