{"id":99210,"date":"2017-03-22T22:16:29","date_gmt":"2017-03-22T22:16:29","guid":{"rendered":"http:\/\/keramika.holest.com\/slovenija\/product\/talne-ploscice-emigres-cairo-tobaco\/"},"modified":"2025-12-31T00:02:41","modified_gmt":"2025-12-31T00:02:41","slug":"talne-ploscice-emigres-cairo-tobaco","status":"publish","type":"product","link":"https:\/\/www.keramika.com\/slovenija\/talne-ploscice-emigres-cairo-tobaco\/","title":{"rendered":"Talne plo\u0161\u010dice Emigres Cairo tobaco"},"content":{"rendered":"<p>Z 60&#215;60 cm je ta plo\u0161\u010dica primerna za razli\u010dne podlage. 33,41 EUR v klasi\u010dni trgovini, pri nas pa le 26,72 EUR. Ta kerami\u010dna plo\u0161\u010dica v \u010dudoviti be\u017e barvi bo obogatila vsak prostor. Emigres Cairo tobaco je pripeljana iz \u0160panije in je zelo kvalitetna. Debelina kar 9 mm dela to plo\u0161\u010dico zelo trpe\u017eno in presti\u017eno na otip.<\/p>\n<p>Kliknite na ime kolekcije za ogled vseh plo\u0161\u010dic iz te serije: <a class=\"pdfcatal\" href=\"\/\/www.ceramictiles.com\/pdf\/emigres\/catalogue_emigres_cairo.pdf\" onclick=\"recordOutboundLink(this, 'E-mail', 'Description PDF');return false;\">Emigres Cairo<\/a><\/p>\n<p>\u010ce \u017eelite naro\u010diti model iz pdf kataloga te kolekcije, nam pi\u0161ite na: <a href=\"mailto:keramoteka.salon@gmail.com\" onclick=\"recordOutboundLink(this, 'E-mail', 'Description mail');return false;\">keramoteka.salon@gmail.com<\/a> ali pa nas pokli\u010dite na: 031 255 900.<\/p>\n<p>Technical description: <br \/> F 60&#215;60 <br \/>Cairo Beige ; Cairo Blanco ; Cairo Ocre ; Cairo Negro ; Cairo Tabaco ;<\/p>\n","protected":false},"excerpt":{"rendered":"<p>Z 60&#215;60 cm je ta plo\u0161\u010dica primerna za razli\u010dne podlage. 33,41 EUR v klasi\u010dni trgovini, pri nas pa le 26,72 EUR. Ta kerami\u010dna plo\u0161\u010dica v \u010dudoviti be\u017e barvi bo obogatila vsak prostor. Emigres Cairo tobaco je pripeljana iz \u0160panije in je zelo kvalitetna. Debelina kar 9 mm dela to plo\u0161\u010dico zelo trpe\u017eno in presti\u017eno na [&hellip;]<\/p>\n","protected":false},"featured_media":99211,"template":"","meta":[],"product_cat":[210,9991089,200,280,260,999,250,270],"product_tag":[],"_links":{"self":[{"href":"https:\/\/www.keramika.com\/slovenija\/wp-json\/wp\/v2\/product\/99210"}],"collection":[{"href":"https:\/\/www.keramika.com\/slovenija\/wp-json\/wp\/v2\/product"}],"about":[{"href":"https:\/\/www.keramika.com\/slovenija\/wp-json\/wp\/v2\/types\/product"}],"wp:featuredmedia":[{"embeddable":true,"href":"https:\/\/www.keramika.com\/slovenija\/wp-json\/wp\/v2\/media\/99211"}],"wp:attachment":[{"href":"https:\/\/www.keramika.com\/slovenija\/wp-json\/wp\/v2\/media?parent=99210"}],"wp:term":[{"taxonomy":"product_cat","embeddable":true,"href":"https:\/\/www.keramika.com\/slovenija\/wp-json\/wp\/v2\/product_cat?post=99210"},{"taxonomy":"product_tag","embeddable":true,"href":"https:\/\/www.keramika.com\/slovenija\/wp-json\/wp\/v2\/product_tag?post=99210"}],"curies":[{"name":"wp","href":"https:\/\/api.w.org\/{rel}","templated":true}]}}