{"id":99200,"date":"2017-03-22T22:16:21","date_gmt":"2017-03-22T22:16:21","guid":{"rendered":"http:\/\/keramika.holest.com\/slovenija\/product\/3d-ploscice-emigres-bigstone-alpes\/"},"modified":"2025-12-31T00:02:39","modified_gmt":"2025-12-31T00:02:39","slug":"3d-ploscice-emigres-bigstone-alpes","status":"publish","type":"product","link":"https:\/\/www.keramika.com\/slovenija\/3d-ploscice-emigres-bigstone-alpes\/","title":{"rendered":"3D plo\u0161\u010dice Emigres Bigstone Alpes"},"content":{"rendered":"<p>\u0160irina in dol\u017eina te plo\u0161\u010dice sta 40&#215;57 cm. Ta model plo\u0161\u010dice se najbolje prodaja v sivi barvi. Emigres Bigstone Alpes je plo\u0161\u010dica proizvajalca Emigres in prihaja iz \u0160panije. Plo\u0161\u010dica je debela kar 9 mm, kar jo uvr\u0161\u010da med bolj trde plo\u0161\u010dice. Zaradi ni\u017ejih stro\u0161kov pri spletni prodaji boste na na\u0161i strani za to plo\u0161\u010dico od\u0161teli le 29,7 EUR.<\/p>\n<p>Kliknite na ime kolekcije za ogled vseh plo\u0161\u010dic iz te serije: <a class=\"pdfcatal\" href=\"\/\/www.ceramictiles.com\/pdf\/emigres\/catalogue_emigres_alpes.pdf\" onclick=\"recordOutboundLink(this, 'E-mail', 'Description PDF');return false;\">Emigres Alpes<\/a><\/p>\n<p>\u010ce \u017eelite naro\u010diti model iz pdf kataloga te kolekcije, nam pi\u0161ite na: <a href=\"mailto:keramoteka.salon@gmail.com\" onclick=\"recordOutboundLink(this, 'E-mail', 'Description mail');return false;\">keramoteka.salon@gmail.com<\/a> ali pa nas pokli\u010dite na: 031 255 900.<\/p>\n<p>Technical description: <br \/> W 40&#215;57 <br \/>Alpes ;<\/p>\n","protected":false},"excerpt":{"rendered":"<p>\u0160irina in dol\u017eina te plo\u0161\u010dice sta 40&#215;57 cm. Ta model plo\u0161\u010dice se najbolje prodaja v sivi barvi. Emigres Bigstone Alpes je plo\u0161\u010dica proizvajalca Emigres in prihaja iz \u0160panije. Plo\u0161\u010dica je debela kar 9 mm, kar jo uvr\u0161\u010da med bolj trde plo\u0161\u010dice. Zaradi ni\u017ejih stro\u0161kov pri spletni prodaji boste na na\u0161i strani za to plo\u0161\u010dico od\u0161teli [&hellip;]<\/p>\n","protected":false},"featured_media":99201,"template":"","meta":[],"product_cat":[210,9991089,200,230,260,999,250],"product_tag":[99921971],"_links":{"self":[{"href":"https:\/\/www.keramika.com\/slovenija\/wp-json\/wp\/v2\/product\/99200"}],"collection":[{"href":"https:\/\/www.keramika.com\/slovenija\/wp-json\/wp\/v2\/product"}],"about":[{"href":"https:\/\/www.keramika.com\/slovenija\/wp-json\/wp\/v2\/types\/product"}],"wp:featuredmedia":[{"embeddable":true,"href":"https:\/\/www.keramika.com\/slovenija\/wp-json\/wp\/v2\/media\/99201"}],"wp:attachment":[{"href":"https:\/\/www.keramika.com\/slovenija\/wp-json\/wp\/v2\/media?parent=99200"}],"wp:term":[{"taxonomy":"product_cat","embeddable":true,"href":"https:\/\/www.keramika.com\/slovenija\/wp-json\/wp\/v2\/product_cat?post=99200"},{"taxonomy":"product_tag","embeddable":true,"href":"https:\/\/www.keramika.com\/slovenija\/wp-json\/wp\/v2\/product_tag?post=99200"}],"curies":[{"name":"wp","href":"https:\/\/api.w.org\/{rel}","templated":true}]}}