{"id":99188,"date":"2017-03-22T22:16:12","date_gmt":"2017-03-22T22:16:12","guid":{"rendered":"http:\/\/keramika.holest.com\/slovenija\/product\/talne-porcelan-ploscice-emigres-alicante-rojo\/"},"modified":"2025-12-31T00:02:37","modified_gmt":"2025-12-31T00:02:37","slug":"talne-porcelan-ploscice-emigres-alicante-rojo","status":"publish","type":"product","link":"https:\/\/www.keramika.com\/slovenija\/talne-porcelan-ploscice-emigres-alicante-rojo\/","title":{"rendered":"Talne porcelan plo\u0161\u010dice Emigres Alicante rojo"},"content":{"rendered":"<p>Plo\u0161\u010dica je debela kar 9 mm, kar jo uvr\u0161\u010da med bolj trde plo\u0161\u010dice. \u0160irina in dol\u017eina te plo\u0161\u010dice sta 60&#215;60 cm. Emigres Alicante rojo prihaja iz \u0160panije, ki je znana po zelo kvalitetni keramiki v svetovnem merilu. Emigres Alicante rojo je na voljo po zelo ugodni ceni 31,18 EUR. Ta model plo\u0161\u010dice se najbolje prodaja v rde\u010di barvi.<\/p>\n<p>Kliknite na ime kolekcije za ogled vseh plo\u0161\u010dic iz te serije: <a class=\"pdfcatal\" href=\"\/\/www.ceramictiles.com\/pdf\/emigres\/catalogue_emigres_alicante.pdf\" onclick=\"recordOutboundLink(this, 'E-mail', 'Description PDF');return false;\">Emigres Alicante<\/a><\/p>\n<p>\u010ce \u017eelite naro\u010diti model iz pdf kataloga te kolekcije, nam pi\u0161ite na: <a href=\"mailto:keramoteka.salon@gmail.com\" onclick=\"recordOutboundLink(this, 'E-mail', 'Description mail');return false;\">keramoteka.salon@gmail.com<\/a> ali pa nas pokli\u010dite na: 031 255 900.<\/p>\n<p>Technical description: <br \/> F 60&#215;60 <br \/>Alicante Rojo ;<\/p>\n","protected":false},"excerpt":{"rendered":"<p>Plo\u0161\u010dica je debela kar 9 mm, kar jo uvr\u0161\u010da med bolj trde plo\u0161\u010dice. \u0160irina in dol\u017eina te plo\u0161\u010dice sta 60&#215;60 cm. Emigres Alicante rojo prihaja iz \u0160panije, ki je znana po zelo kvalitetni keramiki v svetovnem merilu. Emigres Alicante rojo je na voljo po zelo ugodni ceni 31,18 EUR. Ta model plo\u0161\u010dice se najbolje prodaja [&hellip;]<\/p>\n","protected":false},"featured_media":99189,"template":"","meta":[],"product_cat":[210,9991089,200,230,260,999,240],"product_tag":[],"_links":{"self":[{"href":"https:\/\/www.keramika.com\/slovenija\/wp-json\/wp\/v2\/product\/99188"}],"collection":[{"href":"https:\/\/www.keramika.com\/slovenija\/wp-json\/wp\/v2\/product"}],"about":[{"href":"https:\/\/www.keramika.com\/slovenija\/wp-json\/wp\/v2\/types\/product"}],"wp:featuredmedia":[{"embeddable":true,"href":"https:\/\/www.keramika.com\/slovenija\/wp-json\/wp\/v2\/media\/99189"}],"wp:attachment":[{"href":"https:\/\/www.keramika.com\/slovenija\/wp-json\/wp\/v2\/media?parent=99188"}],"wp:term":[{"taxonomy":"product_cat","embeddable":true,"href":"https:\/\/www.keramika.com\/slovenija\/wp-json\/wp\/v2\/product_cat?post=99188"},{"taxonomy":"product_tag","embeddable":true,"href":"https:\/\/www.keramika.com\/slovenija\/wp-json\/wp\/v2\/product_tag?post=99188"}],"curies":[{"name":"wp","href":"https:\/\/api.w.org\/{rel}","templated":true}]}}