{"id":99186,"date":"2017-03-22T22:16:11","date_gmt":"2017-03-22T22:16:11","guid":{"rendered":"http:\/\/keramika.holest.com\/slovenija\/product\/talne-ploscice-emigres-agata-marron\/"},"modified":"2025-12-31T00:02:37","modified_gmt":"2025-12-31T00:02:37","slug":"talne-ploscice-emigres-agata-marron","status":"publish","type":"product","link":"https:\/\/www.keramika.com\/slovenija\/talne-ploscice-emigres-agata-marron\/","title":{"rendered":"Talne plo\u0161\u010dice Emigres Agata marron"},"content":{"rendered":"<p>Emigres Agata marron je pripeljana iz \u0160panije in je zelo kvalitetna. Dimenzije te plo\u0161\u010dice so 60&#215;60 cm. Debelina plo\u0161\u010dice je zelo pomembna in 9 mm uvr\u0161\u010da to plo\u0161\u010dico med najkvalitetnej\u0161e. Ta plo\u0161\u010dica je na voljo v \u010dudoviti rjavi barvi, \u010de \u017eelite kak\u0161no drugo barvo pa nas kontaktirajte in preverili bomo pri proizvajalcu. Namesto 35,25 EUR kot bi za to plo\u0161\u010dico od\u0161teli v klasi\u010dni trgovini, boste v na\u0161i spletni prodajalni od\u0161teli le 28,2 EUR.<\/p>\n<p>Kliknite na ime kolekcije za ogled vseh plo\u0161\u010dic iz te serije: <a class=\"pdfcatal\" href=\"\/\/www.ceramictiles.com\/pdf\/emigres\/catalogue_emigres_agata.pdf\" onclick=\"recordOutboundLink(this, 'E-mail', 'Description PDF');return false;\">Emigres Agata<\/a><\/p>\n<p>\u010ce \u017eelite naro\u010diti model iz pdf kataloga te kolekcije, nam pi\u0161ite na: <a href=\"mailto:keramoteka.salon@gmail.com\" onclick=\"recordOutboundLink(this, 'E-mail', 'Description mail');return false;\">keramoteka.salon@gmail.com<\/a> ali pa nas pokli\u010dite na: 031 255 900.<\/p>\n<p>Technical description: <br \/> F 60&#215;60 <br \/>\u00c1gata Beige ; \u00c1gata Marr\u00f3n ;<\/p>\n","protected":false},"excerpt":{"rendered":"<p>Emigres Agata marron je pripeljana iz \u0160panije in je zelo kvalitetna. Dimenzije te plo\u0161\u010dice so 60&#215;60 cm. Debelina plo\u0161\u010dice je zelo pomembna in 9 mm uvr\u0161\u010da to plo\u0161\u010dico med najkvalitetnej\u0161e. Ta plo\u0161\u010dica je na voljo v \u010dudoviti rjavi barvi, \u010de \u017eelite kak\u0161no drugo barvo pa nas kontaktirajte in preverili bomo pri proizvajalcu. Namesto 35,25 EUR [&hellip;]<\/p>\n","protected":false},"featured_media":99187,"template":"","meta":[],"product_cat":[210,9991089,200,230,999,240],"product_tag":[],"_links":{"self":[{"href":"https:\/\/www.keramika.com\/slovenija\/wp-json\/wp\/v2\/product\/99186"}],"collection":[{"href":"https:\/\/www.keramika.com\/slovenija\/wp-json\/wp\/v2\/product"}],"about":[{"href":"https:\/\/www.keramika.com\/slovenija\/wp-json\/wp\/v2\/types\/product"}],"wp:featuredmedia":[{"embeddable":true,"href":"https:\/\/www.keramika.com\/slovenija\/wp-json\/wp\/v2\/media\/99187"}],"wp:attachment":[{"href":"https:\/\/www.keramika.com\/slovenija\/wp-json\/wp\/v2\/media?parent=99186"}],"wp:term":[{"taxonomy":"product_cat","embeddable":true,"href":"https:\/\/www.keramika.com\/slovenija\/wp-json\/wp\/v2\/product_cat?post=99186"},{"taxonomy":"product_tag","embeddable":true,"href":"https:\/\/www.keramika.com\/slovenija\/wp-json\/wp\/v2\/product_tag?post=99186"}],"curies":[{"name":"wp","href":"https:\/\/api.w.org\/{rel}","templated":true}]}}