{"id":99182,"date":"2017-03-22T22:16:09","date_gmt":"2017-03-22T22:16:09","guid":{"rendered":"http:\/\/keramika.holest.com\/slovenija\/product\/ploscice-zirconio-radica-gris\/"},"modified":"2025-12-31T00:02:36","modified_gmt":"2025-12-31T00:02:36","slug":"ploscice-zirconio-radica-gris","status":"publish","type":"product","link":"https:\/\/www.keramika.com\/slovenija\/ploscice-zirconio-radica-gris\/","title":{"rendered":"Plo\u0161\u010dice Zirconio Radica Gris"},"content":{"rendered":"<p>Ceramica Zirconio Radica Gris je plo\u0161\u010dica proizvajalca Zirconio in prihaja iz \u0160panije. Ceramica Zirconio Radica Gris je na voljo po zelo ugodni ceni 26,14 EUR. Velikost te plo\u0161\u010dice je 45&#215;67,5 cm in je primerna za razli\u010dne povr\u0161ine. Ta plo\u0161\u010dica je debela 10 mm in je zelo trpe\u017ena. Pri izbiri plo\u0161\u010dice v sivi barvi ne morete zgre\u0161iti.<\/p>\n<p>Kliknite na ime kolekcije za ogled vseh plo\u0161\u010dic iz te serije: <a class=\"pdfcatal\" href=\"\/\/www.ceramictiles.com\/pdf\/zirconio\/catalogue_zirconio_radica.pdf\" onclick=\"recordOutboundLink(this, 'E-mail', 'Description PDF');return false;\">Zirconio Radica<\/a><\/p>\n<p>\u010ce \u017eelite naro\u010diti model iz pdf kataloga te kolekcije, nam pi\u0161ite na: <a href=\"mailto:keramoteka.salon@gmail.com\" onclick=\"recordOutboundLink(this, 'E-mail', 'Description mail');return false;\">keramoteka.salon@gmail.com<\/a> ali pa nas pokli\u010dite na: +386 31 255 900.<\/p>\n<p>Technical description: <br \/>  W &#038; F 60&#215;120 ; 59,6&#215;119,2 ; 60&#215;60 ; 45&#215;67,5 ; 45&#215;45 ; 33,3&#215;33,3  <br \/>Radica Negro ; Radica Luxe Negro ; Radica Grip Negro ; Radica Marfil ; Radica Luxe Marfil ; Radica Grip Marfil ; Radica Gris ; Radica Luxe Gris ; Radica Grip Gris ; Radica Noce<\/p>\n","protected":false},"excerpt":{"rendered":"<p>Ceramica Zirconio Radica Gris je plo\u0161\u010dica proizvajalca Zirconio in prihaja iz \u0160panije. Ceramica Zirconio Radica Gris je na voljo po zelo ugodni ceni 26,14 EUR. Velikost te plo\u0161\u010dice je 45&#215;67,5 cm in je primerna za razli\u010dne povr\u0161ine. Ta plo\u0161\u010dica je debela 10 mm in je zelo trpe\u017ena. Pri izbiri plo\u0161\u010dice v sivi barvi ne morete [&hellip;]<\/p>\n","protected":false},"featured_media":99183,"template":"","meta":[],"product_cat":[200,280,260,999,999137,270],"product_tag":[],"_links":{"self":[{"href":"https:\/\/www.keramika.com\/slovenija\/wp-json\/wp\/v2\/product\/99182"}],"collection":[{"href":"https:\/\/www.keramika.com\/slovenija\/wp-json\/wp\/v2\/product"}],"about":[{"href":"https:\/\/www.keramika.com\/slovenija\/wp-json\/wp\/v2\/types\/product"}],"wp:featuredmedia":[{"embeddable":true,"href":"https:\/\/www.keramika.com\/slovenija\/wp-json\/wp\/v2\/media\/99183"}],"wp:attachment":[{"href":"https:\/\/www.keramika.com\/slovenija\/wp-json\/wp\/v2\/media?parent=99182"}],"wp:term":[{"taxonomy":"product_cat","embeddable":true,"href":"https:\/\/www.keramika.com\/slovenija\/wp-json\/wp\/v2\/product_cat?post=99182"},{"taxonomy":"product_tag","embeddable":true,"href":"https:\/\/www.keramika.com\/slovenija\/wp-json\/wp\/v2\/product_tag?post=99182"}],"curies":[{"name":"wp","href":"https:\/\/api.w.org\/{rel}","templated":true}]}}