{"id":99180,"date":"2017-03-22T22:16:09","date_gmt":"2017-03-22T22:16:09","guid":{"rendered":"http:\/\/keramika.holest.com\/slovenija\/product\/ploscice-zirconio-krea-piedra\/"},"modified":"2025-12-31T00:02:36","modified_gmt":"2025-12-31T00:02:36","slug":"ploscice-zirconio-krea-piedra","status":"publish","type":"product","link":"https:\/\/www.keramika.com\/slovenija\/ploscice-zirconio-krea-piedra\/","title":{"rendered":"Plo\u0161\u010dice Zirconio Krea Piedra"},"content":{"rendered":"<p>Ta kerami\u010dna plo\u0161\u010dica v \u010dudoviti be\u017e barvi bo obogatila vsak prostor. 9 mm debeline je dovolj tudi za zahtevnej\u0161e kupce. Prihaja iz \u0160panije, ki po svetu slovi kot ena bolj\u0161ih proizvajalk kerami\u010dnih plo\u0161\u010dic. Ceramica Zirconio Krea Piedra je na voljo po zelo ugodni ceni 27,12 EUR. \u0160irina in dol\u017eina te plo\u0161\u010dice sta 33,3&#215;67,1 cm.<\/p>\n<p>Kliknite na ime kolekcije za ogled vseh plo\u0161\u010dic iz te serije: <a class=\"pdfcatal\" href=\"\/\/www.ceramictiles.com\/pdf\/zirconio\/catalogue_zirconio_krea.pdf\" onclick=\"recordOutboundLink(this, 'E-mail', 'Description PDF');return false;\">Zirconio Krea<\/a><\/p>\n<p>\u010ce \u017eelite naro\u010diti model iz pdf kataloga te kolekcije, nam pi\u0161ite na: <a href=\"mailto:keramoteka.salon@gmail.com\" onclick=\"recordOutboundLink(this, 'E-mail', 'Description mail');return false;\">keramoteka.salon@gmail.com<\/a> ali pa nas pokli\u010dite na: +386 31 255 900.<\/p>\n<p>Technical description: <br \/>  W &#038; F 60&#215;60 ; 33,3&#215;67,1  <br \/>Krea Blanco ; Krea Piedra ; Krea Marron ; Krea Gris ; Krea Antracita ;<\/p>\n","protected":false},"excerpt":{"rendered":"<p>Ta kerami\u010dna plo\u0161\u010dica v \u010dudoviti be\u017e barvi bo obogatila vsak prostor. 9 mm debeline je dovolj tudi za zahtevnej\u0161e kupce. Prihaja iz \u0160panije, ki po svetu slovi kot ena bolj\u0161ih proizvajalk kerami\u010dnih plo\u0161\u010dic. Ceramica Zirconio Krea Piedra je na voljo po zelo ugodni ceni 27,12 EUR. \u0160irina in dol\u017eina te plo\u0161\u010dice sta 33,3&#215;67,1 cm. Kliknite [&hellip;]<\/p>\n","protected":false},"featured_media":99181,"template":"","meta":[],"product_cat":[200,999,250,240,999137,270],"product_tag":[],"_links":{"self":[{"href":"https:\/\/www.keramika.com\/slovenija\/wp-json\/wp\/v2\/product\/99180"}],"collection":[{"href":"https:\/\/www.keramika.com\/slovenija\/wp-json\/wp\/v2\/product"}],"about":[{"href":"https:\/\/www.keramika.com\/slovenija\/wp-json\/wp\/v2\/types\/product"}],"wp:featuredmedia":[{"embeddable":true,"href":"https:\/\/www.keramika.com\/slovenija\/wp-json\/wp\/v2\/media\/99181"}],"wp:attachment":[{"href":"https:\/\/www.keramika.com\/slovenija\/wp-json\/wp\/v2\/media?parent=99180"}],"wp:term":[{"taxonomy":"product_cat","embeddable":true,"href":"https:\/\/www.keramika.com\/slovenija\/wp-json\/wp\/v2\/product_cat?post=99180"},{"taxonomy":"product_tag","embeddable":true,"href":"https:\/\/www.keramika.com\/slovenija\/wp-json\/wp\/v2\/product_tag?post=99180"}],"curies":[{"name":"wp","href":"https:\/\/api.w.org\/{rel}","templated":true}]}}