{"id":99176,"date":"2017-03-22T22:16:07","date_gmt":"2017-03-22T22:16:07","guid":{"rendered":"http:\/\/keramika.holest.com\/slovenija\/product\/ploscice-zirconio-dolmen-gold\/"},"modified":"2025-12-31T00:02:36","modified_gmt":"2025-12-31T00:02:36","slug":"ploscice-zirconio-dolmen-gold","status":"publish","type":"product","link":"https:\/\/www.keramika.com\/slovenija\/ploscice-zirconio-dolmen-gold\/","title":{"rendered":"Plo\u0161\u010dice Zirconio Dolmen Gold"},"content":{"rendered":"<p>\u0160irina in dol\u017eina te plo\u0161\u010dice sta 33,3&#215;67,1 cm. Redna cena te plo\u0161\u010dice v maloprodaji zna\u0161a 33,9 EUR, v na\u0161i spletni trgovini pa jo lahko dobite \u017ee za 27,12 EUR. 9 mm je debelina, ki zadovolji tudi zahtevnej\u0161e kupce. Ceramica Zirconio Dolmen Gold je pripeljana iz \u0160panije in je zelo kvalitetna. Zelo moderna plo\u0161\u010dica v rjavi barvi popestri prav vsak prostor.<\/p>\n<p>Kliknite na ime kolekcije za ogled vseh plo\u0161\u010dic iz te serije: <a class=\"pdfcatal\" href=\"\/\/www.ceramictiles.com\/pdf\/zirconio\/catalogue_zirconio_dolmen.pdf\" onclick=\"recordOutboundLink(this, 'E-mail', 'Description PDF');return false;\">Zirconio Dolmen<\/a><\/p>\n<p>\u010ce \u017eelite naro\u010diti model iz pdf kataloga te kolekcije, nam pi\u0161ite na: <a href=\"mailto:keramoteka.salon@gmail.com\" onclick=\"recordOutboundLink(this, 'E-mail', 'Description mail');return false;\">keramoteka.salon@gmail.com<\/a> ali pa nas pokli\u010dite na: +386 31 255 900.<\/p>\n<p>Technical description: <br \/>  W &#038; F 33,3&#215;67,1 ; 45&#215;45 ; 33,3&#215;33,3 ; 20&#215;24  <br \/>Dolmen Grey ; Dolmen Gold ; Dolmen Ivory ;<\/p>\n","protected":false},"excerpt":{"rendered":"<p>\u0160irina in dol\u017eina te plo\u0161\u010dice sta 33,3&#215;67,1 cm. Redna cena te plo\u0161\u010dice v maloprodaji zna\u0161a 33,9 EUR, v na\u0161i spletni trgovini pa jo lahko dobite \u017ee za 27,12 EUR. 9 mm je debelina, ki zadovolji tudi zahtevnej\u0161e kupce. Ceramica Zirconio Dolmen Gold je pripeljana iz \u0160panije in je zelo kvalitetna. Zelo moderna plo\u0161\u010dica v rjavi [&hellip;]<\/p>\n","protected":false},"featured_media":99177,"template":"","meta":[],"product_cat":[200,999,250,240,999137,270],"product_tag":[],"_links":{"self":[{"href":"https:\/\/www.keramika.com\/slovenija\/wp-json\/wp\/v2\/product\/99176"}],"collection":[{"href":"https:\/\/www.keramika.com\/slovenija\/wp-json\/wp\/v2\/product"}],"about":[{"href":"https:\/\/www.keramika.com\/slovenija\/wp-json\/wp\/v2\/types\/product"}],"wp:featuredmedia":[{"embeddable":true,"href":"https:\/\/www.keramika.com\/slovenija\/wp-json\/wp\/v2\/media\/99177"}],"wp:attachment":[{"href":"https:\/\/www.keramika.com\/slovenija\/wp-json\/wp\/v2\/media?parent=99176"}],"wp:term":[{"taxonomy":"product_cat","embeddable":true,"href":"https:\/\/www.keramika.com\/slovenija\/wp-json\/wp\/v2\/product_cat?post=99176"},{"taxonomy":"product_tag","embeddable":true,"href":"https:\/\/www.keramika.com\/slovenija\/wp-json\/wp\/v2\/product_tag?post=99176"}],"curies":[{"name":"wp","href":"https:\/\/api.w.org\/{rel}","templated":true}]}}