{"id":99174,"date":"2017-03-22T22:16:06","date_gmt":"2017-03-22T22:16:06","guid":{"rendered":"http:\/\/keramika.holest.com\/slovenija\/product\/ploscice-zirconio-delhi-nature\/"},"modified":"2025-12-31T00:02:35","modified_gmt":"2025-12-31T00:02:35","slug":"ploscice-zirconio-delhi-nature","status":"publish","type":"product","link":"https:\/\/www.keramika.com\/slovenija\/ploscice-zirconio-delhi-nature\/","title":{"rendered":"Plo\u0161\u010dice Zirconio Delhi Nature"},"content":{"rendered":"<p>Pri izbiri plo\u0161\u010dice v be\u017e barvi ne morete zgre\u0161iti. Velikost te plo\u0161\u010dice je 60&#215;120 cm. 12 mm debeline je dovolj tudi za zahtevnej\u0161e kupce. Ceramica Zirconio Delhi Nature je plo\u0161\u010dica proizvajalca Zirconio in prihaja iz \u0160panije. Redna cena te plo\u0161\u010dice v maloprodaji zna\u0161a 90,28 EUR, v na\u0161i spletni trgovini pa jo lahko dobite \u017ee za 72,22 EUR.<\/p>\n<p>Kliknite na ime kolekcije za ogled vseh plo\u0161\u010dic iz te serije: <a class=\"pdfcatal\" href=\"\/\/www.ceramictiles.com\/pdf\/zirconio\/catalogue_zirconio_delhi.pdf\" onclick=\"recordOutboundLink(this, 'E-mail', 'Description PDF');return false;\">Zirconio Delhi<\/a><\/p>\n<p>\u010ce \u017eelite naro\u010diti model iz pdf kataloga te kolekcije, nam pi\u0161ite na: <a href=\"mailto:keramoteka.salon@gmail.com\" onclick=\"recordOutboundLink(this, 'E-mail', 'Description mail');return false;\">keramoteka.salon@gmail.com<\/a> ali pa nas pokli\u010dite na: +386 31 255 900.<\/p>\n<p>Technical description: <br \/>  W &#038; F 60&#215;120 ; 59,6&#215;119,2 ; 60&#215;60 ; 33,3&#215;33,3 ; 45&#215;45 ; 45&#215;67,5 <br \/>Delhi Gold ; Delhi Luxe Gold ; Delhi Nature ; Delhi Luxe Nature ; Delhi Grip Nature ; Delhi Grey ; Delhi Grip Grey<\/p>\n","protected":false},"excerpt":{"rendered":"<p>Pri izbiri plo\u0161\u010dice v be\u017e barvi ne morete zgre\u0161iti. Velikost te plo\u0161\u010dice je 60&#215;120 cm. 12 mm debeline je dovolj tudi za zahtevnej\u0161e kupce. Ceramica Zirconio Delhi Nature je plo\u0161\u010dica proizvajalca Zirconio in prihaja iz \u0160panije. Redna cena te plo\u0161\u010dice v maloprodaji zna\u0161a 90,28 EUR, v na\u0161i spletni trgovini pa jo lahko dobite \u017ee za [&hellip;]<\/p>\n","protected":false},"featured_media":99175,"template":"","meta":[],"product_cat":[200,999,250,240,999137,270],"product_tag":[],"_links":{"self":[{"href":"https:\/\/www.keramika.com\/slovenija\/wp-json\/wp\/v2\/product\/99174"}],"collection":[{"href":"https:\/\/www.keramika.com\/slovenija\/wp-json\/wp\/v2\/product"}],"about":[{"href":"https:\/\/www.keramika.com\/slovenija\/wp-json\/wp\/v2\/types\/product"}],"wp:featuredmedia":[{"embeddable":true,"href":"https:\/\/www.keramika.com\/slovenija\/wp-json\/wp\/v2\/media\/99175"}],"wp:attachment":[{"href":"https:\/\/www.keramika.com\/slovenija\/wp-json\/wp\/v2\/media?parent=99174"}],"wp:term":[{"taxonomy":"product_cat","embeddable":true,"href":"https:\/\/www.keramika.com\/slovenija\/wp-json\/wp\/v2\/product_cat?post=99174"},{"taxonomy":"product_tag","embeddable":true,"href":"https:\/\/www.keramika.com\/slovenija\/wp-json\/wp\/v2\/product_tag?post=99174"}],"curies":[{"name":"wp","href":"https:\/\/api.w.org\/{rel}","templated":true}]}}