{"id":99122,"date":"2017-03-22T22:15:29","date_gmt":"2017-03-22T22:15:29","guid":{"rendered":"http:\/\/keramika.holest.com\/slovenija\/product\/keramika-aparici-unique-black-zocalo\/"},"modified":"2017-03-22T22:15:29","modified_gmt":"2017-03-22T22:15:29","slug":"keramika-aparici-unique-black-zocalo","status":"publish","type":"product","link":"https:\/\/www.keramika.com\/slovenija\/keramika-aparici-unique-black-zocalo\/","title":{"rendered":"Keramika Aparici Unique Black Zocalo"},"content":{"rendered":"<p>Z 20&#215;25,1 cm je ta plo\u0161\u010dica primerna za razli\u010dne podlage. Ta plo\u0161\u010dica je debela 9 mm in je zelo trpe\u017ena. To plo\u0161\u010dico je izdelal proizvajalec Aparici, ki prihaja iz \u0160panije. Ta model plo\u0161\u010dice se najbolje prodaja v \u010drni barvi.<\/p>\n<p>Kliknite na ime kolekcije za ogled vseh plo\u0161\u010dic iz te serije: <a class=\"pdfcatal\" href=\"\/\/www.ceramictiles.com\/pdf\/aparici\/catalogue_aparici_unique.pdf\" onclick=\"recordOutboundLink(this, 'E-mail', 'Description PDF');return false;\">Aparici Unique<\/a><\/p>\n<p>\u010ce \u017eelite naro\u010diti model iz pdf kataloga te kolekcije, nam pi\u0161ite na: <a href=\"mailto:keramoteka.salon@gmail.com\" onclick=\"recordOutboundLink(this, 'E-mail', 'Description mail');return false;\">keramoteka.salon@gmail.com<\/a> ali pa nas pokli\u010dite na: +386 31 255 900.<\/p>\n<p>Technical description: <br \/> W 25,1&#215;75,6 <br \/>Unique White ; Unique Blue Net ; Unique Black Net ; Unique Gold ; Unique Silver ;<\/p>\n","protected":false},"excerpt":{"rendered":"<p>Z 20&#215;25,1 cm je ta plo\u0161\u010dica primerna za razli\u010dne podlage. Ta plo\u0161\u010dica je debela 9 mm in je zelo trpe\u017ena. To plo\u0161\u010dico je izdelal proizvajalec Aparici, ki prihaja iz \u0160panije. Ta model plo\u0161\u010dice se najbolje prodaja v \u010drni barvi. Kliknite na ime kolekcije za ogled vseh plo\u0161\u010dic iz te serije: Aparici Unique \u010ce \u017eelite naro\u010diti [&hellip;]<\/p>\n","protected":false},"featured_media":99123,"template":"","meta":[],"product_cat":[999773,200,220,999,250,240],"product_tag":[],"_links":{"self":[{"href":"https:\/\/www.keramika.com\/slovenija\/wp-json\/wp\/v2\/product\/99122"}],"collection":[{"href":"https:\/\/www.keramika.com\/slovenija\/wp-json\/wp\/v2\/product"}],"about":[{"href":"https:\/\/www.keramika.com\/slovenija\/wp-json\/wp\/v2\/types\/product"}],"wp:featuredmedia":[{"embeddable":true,"href":"https:\/\/www.keramika.com\/slovenija\/wp-json\/wp\/v2\/media\/99123"}],"wp:attachment":[{"href":"https:\/\/www.keramika.com\/slovenija\/wp-json\/wp\/v2\/media?parent=99122"}],"wp:term":[{"taxonomy":"product_cat","embeddable":true,"href":"https:\/\/www.keramika.com\/slovenija\/wp-json\/wp\/v2\/product_cat?post=99122"},{"taxonomy":"product_tag","embeddable":true,"href":"https:\/\/www.keramika.com\/slovenija\/wp-json\/wp\/v2\/product_tag?post=99122"}],"curies":[{"name":"wp","href":"https:\/\/api.w.org\/{rel}","templated":true}]}}