{"id":99106,"date":"2017-03-22T22:15:14","date_gmt":"2017-03-22T22:15:14","guid":{"rendered":"http:\/\/keramika.holest.com\/slovenija\/product\/keramika-aparici-summer-rojo\/"},"modified":"2017-03-22T22:15:14","modified_gmt":"2017-03-22T22:15:14","slug":"keramika-aparici-summer-rojo","status":"publish","type":"product","link":"https:\/\/www.keramika.com\/slovenija\/keramika-aparici-summer-rojo\/","title":{"rendered":"Keramika Aparici Summer Rojo"},"content":{"rendered":"<p>Keramika v rde\u010di barvi popestri vsak prostor. Velikost te plo\u0161\u010dice je 20&#215;40 cm in je primerna za razli\u010dne povr\u0161ine. 9 mm je debelina, ki zadovolji tudi zahtevnej\u0161e kupce. To plo\u0161\u010dico je izdelal proizvajalec Aparici, ki prihaja iz \u0160panije.<\/p>\n<p>Kliknite na ime kolekcije za ogled vseh plo\u0161\u010dic iz te serije: <a class=\"pdfcatal\" href=\"\/\/www.ceramictiles.com\/pdf\/aparici\/catalogue_aparici_summer.pdf\" onclick=\"recordOutboundLink(this, 'E-mail', 'Description PDF');return false;\">Aparici Summer<\/a><\/p>\n<p>\u010ce \u017eelite naro\u010diti model iz pdf kataloga te kolekcije, nam pi\u0161ite na: <a href=\"mailto:keramoteka.salon@gmail.com\" onclick=\"recordOutboundLink(this, 'E-mail', 'Description mail');return false;\">keramoteka.salon@gmail.com<\/a> ali pa nas pokli\u010dite na: +386 31 255 900.<\/p>\n<p>Technical description: <br \/> W 20&#215;40 <br \/>Summer Blanco ; Summer Lima ; Summer Orange ; Summer Rojo ; Summer Crema ; Summer Perla ; Summer Safari ; Summer Negro ;<\/p>\n","protected":false},"excerpt":{"rendered":"<p>Keramika v rde\u010di barvi popestri vsak prostor. Velikost te plo\u0161\u010dice je 20&#215;40 cm in je primerna za razli\u010dne povr\u0161ine. 9 mm je debelina, ki zadovolji tudi zahtevnej\u0161e kupce. To plo\u0161\u010dico je izdelal proizvajalec Aparici, ki prihaja iz \u0160panije. Kliknite na ime kolekcije za ogled vseh plo\u0161\u010dic iz te serije: Aparici Summer \u010ce \u017eelite naro\u010diti model [&hellip;]<\/p>\n","protected":false},"featured_media":99107,"template":"","meta":[],"product_cat":[999773,200,220,999,250,240],"product_tag":[],"_links":{"self":[{"href":"https:\/\/www.keramika.com\/slovenija\/wp-json\/wp\/v2\/product\/99106"}],"collection":[{"href":"https:\/\/www.keramika.com\/slovenija\/wp-json\/wp\/v2\/product"}],"about":[{"href":"https:\/\/www.keramika.com\/slovenija\/wp-json\/wp\/v2\/types\/product"}],"wp:featuredmedia":[{"embeddable":true,"href":"https:\/\/www.keramika.com\/slovenija\/wp-json\/wp\/v2\/media\/99107"}],"wp:attachment":[{"href":"https:\/\/www.keramika.com\/slovenija\/wp-json\/wp\/v2\/media?parent=99106"}],"wp:term":[{"taxonomy":"product_cat","embeddable":true,"href":"https:\/\/www.keramika.com\/slovenija\/wp-json\/wp\/v2\/product_cat?post=99106"},{"taxonomy":"product_tag","embeddable":true,"href":"https:\/\/www.keramika.com\/slovenija\/wp-json\/wp\/v2\/product_tag?post=99106"}],"curies":[{"name":"wp","href":"https:\/\/api.w.org\/{rel}","templated":true}]}}