{"id":99102,"date":"2017-03-22T22:15:10","date_gmt":"2017-03-22T22:15:10","guid":{"rendered":"http:\/\/keramika.holest.com\/slovenija\/product\/keramika-aparici-statuario-gold\/"},"modified":"2017-03-22T22:15:10","modified_gmt":"2017-03-22T22:15:10","slug":"keramika-aparici-statuario-gold","status":"publish","type":"product","link":"https:\/\/www.keramika.com\/slovenija\/keramika-aparici-statuario-gold\/","title":{"rendered":"Keramika Aparici Statuario Gold"},"content":{"rendered":"<p>Keramika v zlati barvi popestri vsak prostor. Ta plo\u0161\u010dica je debela 9 mm in je zelo trpe\u017ena. Ceramicas Aparici Statuario Gold je plo\u0161\u010dica proizvajalca Aparici in prihaja iz \u0160panije. Velikost te plo\u0161\u010dice je 25,1&#215;75,6 cm in je primerna za razli\u010dne povr\u0161ine.<\/p>\n<p>Kliknite na ime kolekcije za ogled vseh plo\u0161\u010dic iz te serije: <a class=\"pdfcatal\" href=\"\/\/www.ceramictiles.com\/pdf\/aparici\/catalogue_aparici_statuario.pdf\" onclick=\"recordOutboundLink(this, 'E-mail', 'Description PDF');return false;\">Aparici Statuario<\/a><\/p>\n<p>\u010ce \u017eelite naro\u010diti model iz pdf kataloga te kolekcije, nam pi\u0161ite na: <a href=\"mailto:keramoteka.salon@gmail.com\" onclick=\"recordOutboundLink(this, 'E-mail', 'Description mail');return false;\">keramoteka.salon@gmail.com<\/a> ali pa nas pokli\u010dite na: +386 31 255 900.<\/p>\n<p>Technical description: <br \/> W 25,1&#215;75,6 <br \/>Statuario Blanco ; Statuario Blanco Ornato ; Statuario Sand ; Statuario Gold ;<\/p>\n","protected":false},"excerpt":{"rendered":"<p>Keramika v zlati barvi popestri vsak prostor. Ta plo\u0161\u010dica je debela 9 mm in je zelo trpe\u017ena. Ceramicas Aparici Statuario Gold je plo\u0161\u010dica proizvajalca Aparici in prihaja iz \u0160panije. Velikost te plo\u0161\u010dice je 25,1&#215;75,6 cm in je primerna za razli\u010dne povr\u0161ine. Kliknite na ime kolekcije za ogled vseh plo\u0161\u010dic iz te serije: Aparici Statuario \u010ce [&hellip;]<\/p>\n","protected":false},"featured_media":99103,"template":"","meta":[],"product_cat":[999773,200,220,999,250,240],"product_tag":[],"_links":{"self":[{"href":"https:\/\/www.keramika.com\/slovenija\/wp-json\/wp\/v2\/product\/99102"}],"collection":[{"href":"https:\/\/www.keramika.com\/slovenija\/wp-json\/wp\/v2\/product"}],"about":[{"href":"https:\/\/www.keramika.com\/slovenija\/wp-json\/wp\/v2\/types\/product"}],"wp:featuredmedia":[{"embeddable":true,"href":"https:\/\/www.keramika.com\/slovenija\/wp-json\/wp\/v2\/media\/99103"}],"wp:attachment":[{"href":"https:\/\/www.keramika.com\/slovenija\/wp-json\/wp\/v2\/media?parent=99102"}],"wp:term":[{"taxonomy":"product_cat","embeddable":true,"href":"https:\/\/www.keramika.com\/slovenija\/wp-json\/wp\/v2\/product_cat?post=99102"},{"taxonomy":"product_tag","embeddable":true,"href":"https:\/\/www.keramika.com\/slovenija\/wp-json\/wp\/v2\/product_tag?post=99102"}],"curies":[{"name":"wp","href":"https:\/\/api.w.org\/{rel}","templated":true}]}}