{"id":99096,"date":"2017-03-22T22:15:06","date_gmt":"2017-03-22T22:15:06","guid":{"rendered":"http:\/\/keramika.holest.com\/slovenija\/product\/keramika-aparici-sincro-mar\/"},"modified":"2017-03-22T22:15:06","modified_gmt":"2017-03-22T22:15:06","slug":"keramika-aparici-sincro-mar","status":"publish","type":"product","link":"https:\/\/www.keramika.com\/slovenija\/keramika-aparici-sincro-mar\/","title":{"rendered":"Keramika Aparici Sincro Mar"},"content":{"rendered":"<p>9 mm debeline je dovolj tudi za zahtevnej\u0161e kupce. Z velikostjo 31,6&#215;31,6 cm je ta plo\u0161\u010dica primerna ze razli\u010dne povr\u0161ine. Prihaja iz \u0160panije, ki po svetu slovi kot ena bolj\u0161ih proizvajalk kerami\u010dnih plo\u0161\u010dic. Letos so plo\u0161\u010dice v modri barvi zelo za\u017eeljene.<\/p>\n<p>Kliknite na ime kolekcije za ogled vseh plo\u0161\u010dic iz te serije: <a class=\"pdfcatal\" href=\"\/\/www.ceramictiles.com\/pdf\/aparici\/catalogue_aparici_sincro.pdf\" onclick=\"recordOutboundLink(this, 'E-mail', 'Description PDF');return false;\">Aparici Sincro<\/a><\/p>\n<p>\u010ce \u017eelite naro\u010diti model iz pdf kataloga te kolekcije, nam pi\u0161ite na: <a href=\"mailto:keramoteka.salon@gmail.com\" onclick=\"recordOutboundLink(this, 'E-mail', 'Description mail');return false;\">keramoteka.salon@gmail.com<\/a> ali pa nas pokli\u010dite na: +386 31 255 900.<\/p>\n<p>Technical description: <br \/> F 31,6&#215;31,6 <br \/>Sincro Blanco ; Sincro Orange ; Sincro Lima ; Sincro Negro ; Sincro Indigo ; Sincro Rojo ; Sincro Mar ; Sincro Perla ; Sincro Melocoton ; Sincro Safari ; Sincro Atl\u00e1ntico ; Sincro Aqua ; Sincro Malva ; Sincro Grafito ; Sincro Amar<\/p>\n","protected":false},"excerpt":{"rendered":"<p>9 mm debeline je dovolj tudi za zahtevnej\u0161e kupce. Z velikostjo 31,6&#215;31,6 cm je ta plo\u0161\u010dica primerna ze razli\u010dne povr\u0161ine. Prihaja iz \u0160panije, ki po svetu slovi kot ena bolj\u0161ih proizvajalk kerami\u010dnih plo\u0161\u010dic. Letos so plo\u0161\u010dice v modri barvi zelo za\u017eeljene. Kliknite na ime kolekcije za ogled vseh plo\u0161\u010dic iz te serije: Aparici Sincro \u010ce [&hellip;]<\/p>\n","protected":false},"featured_media":99097,"template":"","meta":[],"product_cat":[999773,200,230,999,240],"product_tag":[],"_links":{"self":[{"href":"https:\/\/www.keramika.com\/slovenija\/wp-json\/wp\/v2\/product\/99096"}],"collection":[{"href":"https:\/\/www.keramika.com\/slovenija\/wp-json\/wp\/v2\/product"}],"about":[{"href":"https:\/\/www.keramika.com\/slovenija\/wp-json\/wp\/v2\/types\/product"}],"wp:featuredmedia":[{"embeddable":true,"href":"https:\/\/www.keramika.com\/slovenija\/wp-json\/wp\/v2\/media\/99097"}],"wp:attachment":[{"href":"https:\/\/www.keramika.com\/slovenija\/wp-json\/wp\/v2\/media?parent=99096"}],"wp:term":[{"taxonomy":"product_cat","embeddable":true,"href":"https:\/\/www.keramika.com\/slovenija\/wp-json\/wp\/v2\/product_cat?post=99096"},{"taxonomy":"product_tag","embeddable":true,"href":"https:\/\/www.keramika.com\/slovenija\/wp-json\/wp\/v2\/product_tag?post=99096"}],"curies":[{"name":"wp","href":"https:\/\/api.w.org\/{rel}","templated":true}]}}