{"id":99088,"date":"2017-03-22T22:15:00","date_gmt":"2017-03-22T22:15:00","guid":{"rendered":"http:\/\/keramika.holest.com\/slovenija\/product\/keramika-aparici-season-negro\/"},"modified":"2017-03-22T22:15:00","modified_gmt":"2017-03-22T22:15:00","slug":"keramika-aparici-season-negro","status":"publish","type":"product","link":"https:\/\/www.keramika.com\/slovenija\/keramika-aparici-season-negro\/","title":{"rendered":"Keramika Aparici Season Negro"},"content":{"rendered":"<p>Zelo moderna plo\u0161\u010dica v \u010drni barvi popestri prav vsak prostor. Ceramicas Aparici Season Negro je pripeljana iz \u0160panije in je zelo kvalitetna. Z 31,6&#215;95,3 cm je ta plo\u0161\u010dica primerna za razli\u010dne podlage. 9 mm je debelina, ki zadovolji tudi zahtevnej\u0161e kupce.<\/p>\n<p>Kliknite na ime kolekcije za ogled vseh plo\u0161\u010dic iz te serije: <a class=\"pdfcatal\" href=\"\/\/www.ceramictiles.com\/pdf\/aparici\/catalogue_aparici_season.pdf\" onclick=\"recordOutboundLink(this, 'E-mail', 'Description PDF');return false;\">Aparici Season<\/a><\/p>\n<p>\u010ce \u017eelite naro\u010diti model iz pdf kataloga te kolekcije, nam pi\u0161ite na: <a href=\"mailto:keramoteka.salon@gmail.com\" onclick=\"recordOutboundLink(this, 'E-mail', 'Description mail');return false;\">keramoteka.salon@gmail.com<\/a> ali pa nas pokli\u010dite na: +386 31 255 900.<\/p>\n<p>Technical description: <br \/> W 31,6&#215;95,3 <br \/>Season Blanco ; Season Negro ; Season Rojo ;<\/p>\n","protected":false},"excerpt":{"rendered":"<p>Zelo moderna plo\u0161\u010dica v \u010drni barvi popestri prav vsak prostor. Ceramicas Aparici Season Negro je pripeljana iz \u0160panije in je zelo kvalitetna. Z 31,6&#215;95,3 cm je ta plo\u0161\u010dica primerna za razli\u010dne podlage. 9 mm je debelina, ki zadovolji tudi zahtevnej\u0161e kupce. Kliknite na ime kolekcije za ogled vseh plo\u0161\u010dic iz te serije: Aparici Season \u010ce [&hellip;]<\/p>\n","protected":false},"featured_media":99089,"template":"","meta":[],"product_cat":[999773,200,220,999,250,240],"product_tag":[],"_links":{"self":[{"href":"https:\/\/www.keramika.com\/slovenija\/wp-json\/wp\/v2\/product\/99088"}],"collection":[{"href":"https:\/\/www.keramika.com\/slovenija\/wp-json\/wp\/v2\/product"}],"about":[{"href":"https:\/\/www.keramika.com\/slovenija\/wp-json\/wp\/v2\/types\/product"}],"wp:featuredmedia":[{"embeddable":true,"href":"https:\/\/www.keramika.com\/slovenija\/wp-json\/wp\/v2\/media\/99089"}],"wp:attachment":[{"href":"https:\/\/www.keramika.com\/slovenija\/wp-json\/wp\/v2\/media?parent=99088"}],"wp:term":[{"taxonomy":"product_cat","embeddable":true,"href":"https:\/\/www.keramika.com\/slovenija\/wp-json\/wp\/v2\/product_cat?post=99088"},{"taxonomy":"product_tag","embeddable":true,"href":"https:\/\/www.keramika.com\/slovenija\/wp-json\/wp\/v2\/product_tag?post=99088"}],"curies":[{"name":"wp","href":"https:\/\/api.w.org\/{rel}","templated":true}]}}