{"id":99086,"date":"2017-03-22T22:15:00","date_gmt":"2017-03-22T22:15:00","guid":{"rendered":"http:\/\/keramika.holest.com\/slovenija\/product\/keramika-aparici-saman-beige\/"},"modified":"2017-03-22T22:15:00","modified_gmt":"2017-03-22T22:15:00","slug":"keramika-aparici-saman-beige","status":"publish","type":"product","link":"https:\/\/www.keramika.com\/slovenija\/keramika-aparici-saman-beige\/","title":{"rendered":"Keramika Aparici Saman Beige"},"content":{"rendered":"<p>Z 31,6&#215;59,2 cm je ta plo\u0161\u010dica primerna za razli\u010dne podlage. 9 mm debeline je dovolj tudi za zahtevnej\u0161e kupce. Ceramicas Aparici Saman Beige je pripeljana iz \u0160panije in je zelo kvalitetna. Ta model plo\u0161\u010dice se najbolje prodaja v be\u017e barvi.<\/p>\n<p>Kliknite na ime kolekcije za ogled vseh plo\u0161\u010dic iz te serije: <a class=\"pdfcatal\" href=\"\/\/www.ceramictiles.com\/pdf\/aparici\/catalogue_aparici_saman.pdf\" onclick=\"recordOutboundLink(this, 'E-mail', 'Description PDF');return false;\">Aparici Saman<\/a><\/p>\n<p>\u010ce \u017eelite naro\u010diti model iz pdf kataloga te kolekcije, nam pi\u0161ite na: <a href=\"mailto:keramoteka.salon@gmail.com\" onclick=\"recordOutboundLink(this, 'E-mail', 'Description mail');return false;\">keramoteka.salon@gmail.com<\/a> ali pa nas pokli\u010dite na: +386 31 255 900.<\/p>\n<p>Technical description: <br \/>  F 31,6&#215;59,2 <br \/>Sam\u00e1n Beige ; Sam\u00e1n Liquen ; Sam\u00e1n Rosso ; Sam\u00e1n Rosso Corte ;<\/p>\n","protected":false},"excerpt":{"rendered":"<p>Z 31,6&#215;59,2 cm je ta plo\u0161\u010dica primerna za razli\u010dne podlage. 9 mm debeline je dovolj tudi za zahtevnej\u0161e kupce. Ceramicas Aparici Saman Beige je pripeljana iz \u0160panije in je zelo kvalitetna. Ta model plo\u0161\u010dice se najbolje prodaja v be\u017e barvi. Kliknite na ime kolekcije za ogled vseh plo\u0161\u010dic iz te serije: Aparici Saman \u010ce \u017eelite [&hellip;]<\/p>\n","protected":false},"featured_media":99087,"template":"","meta":[],"product_cat":[999773,200,230,999,240],"product_tag":[],"_links":{"self":[{"href":"https:\/\/www.keramika.com\/slovenija\/wp-json\/wp\/v2\/product\/99086"}],"collection":[{"href":"https:\/\/www.keramika.com\/slovenija\/wp-json\/wp\/v2\/product"}],"about":[{"href":"https:\/\/www.keramika.com\/slovenija\/wp-json\/wp\/v2\/types\/product"}],"wp:featuredmedia":[{"embeddable":true,"href":"https:\/\/www.keramika.com\/slovenija\/wp-json\/wp\/v2\/media\/99087"}],"wp:attachment":[{"href":"https:\/\/www.keramika.com\/slovenija\/wp-json\/wp\/v2\/media?parent=99086"}],"wp:term":[{"taxonomy":"product_cat","embeddable":true,"href":"https:\/\/www.keramika.com\/slovenija\/wp-json\/wp\/v2\/product_cat?post=99086"},{"taxonomy":"product_tag","embeddable":true,"href":"https:\/\/www.keramika.com\/slovenija\/wp-json\/wp\/v2\/product_tag?post=99086"}],"curies":[{"name":"wp","href":"https:\/\/api.w.org\/{rel}","templated":true}]}}