{"id":99072,"date":"2017-03-22T22:14:48","date_gmt":"2017-03-22T22:14:48","guid":{"rendered":"http:\/\/keramika.holest.com\/slovenija\/product\/keramika-aparici-poeme-burdeos-ornato\/"},"modified":"2017-05-27T10:10:58","modified_gmt":"2017-05-27T10:10:58","slug":"keramika-aparici-poeme-burdeos-ornato","status":"publish","type":"product","link":"https:\/\/www.keramika.com\/slovenija\/keramika-aparici-poeme-burdeos-ornato\/","title":{"rendered":"Keramika Aparici Poeme Burdeos Ornato"},"content":{"rendered":"<p>Plo\u0161\u010dica na sliki je velika 20&#215;20 cm. To plo\u0161\u010dico je izdelal proizvajalec Aparici, ki prihaja iz \u0160panije. Keramika v rde\u010di barvi popestri vsak prostor. 9 mm je debelina, ki zadovolji tudi zahtevnej\u0161e kupce.<\/p>\n<p>Kliknite na ime kolekcije za ogled vseh plo\u0161\u010dic iz te serije: <a class=\"pdfcatal\" href=\"\/\/www.ceramictiles.com\/pdf\/aparici\/catalogue_aparici_poeme.pdf\" onclick=\"recordOutboundLink(this, 'E-mail', 'Description PDF');return false;\">Aparici Poeme<\/a><\/p>\n<p>\u010ce \u017eelite naro\u010diti model iz pdf kataloga te kolekcije, nam pi\u0161ite na: <a href=\"mailto:keramoteka.salon@gmail.com\" onclick=\"recordOutboundLink(this, 'E-mail', 'Description mail');return false;\">keramoteka.salon@gmail.com<\/a> ali pa nas pokli\u010dite na: +386 31 255 900.<\/p>\n<p>Technical description: <br \/>  W 20&#215;20 <br \/>Poeme Oro Trace ; Poeme Oro Ornato ; Poeme Marfil ; Poeme Beige Trace ; Poeme Beige Ornato ; Poeme Burdeos Trace ; Poeme Burdeos Ornato ; Poeme Azul Trace ; Poeme Azul Ornato ;<\/p>\n","protected":false},"excerpt":{"rendered":"<p>Plo\u0161\u010dica na sliki je velika 20&#215;20 cm. To plo\u0161\u010dico je izdelal proizvajalec Aparici, ki prihaja iz \u0160panije. Keramika v rde\u010di barvi popestri vsak prostor. 9 mm je debelina, ki zadovolji tudi zahtevnej\u0161e kupce. Kliknite na ime kolekcije za ogled vseh plo\u0161\u010dic iz te serije: Aparici Poeme \u010ce \u017eelite naro\u010diti model iz pdf kataloga te kolekcije, [&hellip;]<\/p>\n","protected":false},"featured_media":110746,"template":"","meta":[],"product_cat":[999773,200,230,999,250,240],"product_tag":[99921980],"_links":{"self":[{"href":"https:\/\/www.keramika.com\/slovenija\/wp-json\/wp\/v2\/product\/99072"}],"collection":[{"href":"https:\/\/www.keramika.com\/slovenija\/wp-json\/wp\/v2\/product"}],"about":[{"href":"https:\/\/www.keramika.com\/slovenija\/wp-json\/wp\/v2\/types\/product"}],"wp:featuredmedia":[{"embeddable":true,"href":"https:\/\/www.keramika.com\/slovenija\/wp-json\/wp\/v2\/media\/110746"}],"wp:attachment":[{"href":"https:\/\/www.keramika.com\/slovenija\/wp-json\/wp\/v2\/media?parent=99072"}],"wp:term":[{"taxonomy":"product_cat","embeddable":true,"href":"https:\/\/www.keramika.com\/slovenija\/wp-json\/wp\/v2\/product_cat?post=99072"},{"taxonomy":"product_tag","embeddable":true,"href":"https:\/\/www.keramika.com\/slovenija\/wp-json\/wp\/v2\/product_tag?post=99072"}],"curies":[{"name":"wp","href":"https:\/\/api.w.org\/{rel}","templated":true}]}}