{"id":99070,"date":"2017-03-22T22:14:47","date_gmt":"2017-03-22T22:14:47","guid":{"rendered":"http:\/\/keramika.holest.com\/slovenija\/product\/keramika-aparici-perseo-beige\/"},"modified":"2017-03-22T22:14:47","modified_gmt":"2017-03-22T22:14:47","slug":"keramika-aparici-perseo-beige","status":"publish","type":"product","link":"https:\/\/www.keramika.com\/slovenija\/keramika-aparici-perseo-beige\/","title":{"rendered":"Keramika Aparici Perseo Beige"},"content":{"rendered":"<p>Z velikostjo 43&#215;43 cm je ta plo\u0161\u010dica primerna ze razli\u010dne povr\u0161ine. 9 mm je debelina, ki zadovolji tudi zahtevnej\u0161e kupce. To plo\u0161\u010dico je izdelal proizvajalec Aparici, ki prihaja iz \u0160panije. Zelo moderna plo\u0161\u010dica v be\u017e barvi popestri prav vsak prostor.<\/p>\n<p>Kliknite na ime kolekcije za ogled vseh plo\u0161\u010dic iz te serije: <a class=\"pdfcatal\" href=\"\/\/www.ceramictiles.com\/pdf\/aparici\/catalogue_aparici_perseo.pdf\" onclick=\"recordOutboundLink(this, 'E-mail', 'Description PDF');return false;\">Aparici Perseo<\/a><\/p>\n<p>\u010ce \u017eelite naro\u010diti model iz pdf kataloga te kolekcije, nam pi\u0161ite na: <a href=\"mailto:keramoteka.salon@gmail.com\" onclick=\"recordOutboundLink(this, 'E-mail', 'Description mail');return false;\">keramoteka.salon@gmail.com<\/a> ali pa nas pokli\u010dite na: +386 31 255 900.<\/p>\n<p>Technical description: <br \/>  F 42,6&#215;42,6 <br \/>Perseo Beige ; Perseo Nuez ;<\/p>\n","protected":false},"excerpt":{"rendered":"<p>Z velikostjo 43&#215;43 cm je ta plo\u0161\u010dica primerna ze razli\u010dne povr\u0161ine. 9 mm je debelina, ki zadovolji tudi zahtevnej\u0161e kupce. To plo\u0161\u010dico je izdelal proizvajalec Aparici, ki prihaja iz \u0160panije. Zelo moderna plo\u0161\u010dica v be\u017e barvi popestri prav vsak prostor. Kliknite na ime kolekcije za ogled vseh plo\u0161\u010dic iz te serije: Aparici Perseo \u010ce \u017eelite [&hellip;]<\/p>\n","protected":false},"featured_media":99071,"template":"","meta":[],"product_cat":[999773,200,230,999,240],"product_tag":[],"_links":{"self":[{"href":"https:\/\/www.keramika.com\/slovenija\/wp-json\/wp\/v2\/product\/99070"}],"collection":[{"href":"https:\/\/www.keramika.com\/slovenija\/wp-json\/wp\/v2\/product"}],"about":[{"href":"https:\/\/www.keramika.com\/slovenija\/wp-json\/wp\/v2\/types\/product"}],"wp:featuredmedia":[{"embeddable":true,"href":"https:\/\/www.keramika.com\/slovenija\/wp-json\/wp\/v2\/media\/99071"}],"wp:attachment":[{"href":"https:\/\/www.keramika.com\/slovenija\/wp-json\/wp\/v2\/media?parent=99070"}],"wp:term":[{"taxonomy":"product_cat","embeddable":true,"href":"https:\/\/www.keramika.com\/slovenija\/wp-json\/wp\/v2\/product_cat?post=99070"},{"taxonomy":"product_tag","embeddable":true,"href":"https:\/\/www.keramika.com\/slovenija\/wp-json\/wp\/v2\/product_tag?post=99070"}],"curies":[{"name":"wp","href":"https:\/\/api.w.org\/{rel}","templated":true}]}}