{"id":99066,"date":"2017-03-22T22:14:44","date_gmt":"2017-03-22T22:14:44","guid":{"rendered":"http:\/\/keramika.holest.com\/slovenija\/product\/keramika-aparici-open-verde\/"},"modified":"2017-03-22T22:14:44","modified_gmt":"2017-03-22T22:14:44","slug":"keramika-aparici-open-verde","status":"publish","type":"product","link":"https:\/\/www.keramika.com\/slovenija\/keramika-aparici-open-verde\/","title":{"rendered":"Keramika Aparici Open Verde"},"content":{"rendered":"<p>Debelina kar 9 mm dela to plo\u0161\u010dico zelo trpe\u017eno in presti\u017eno na otip. Ceramicas Aparici Open Verde prihaja iz \u0160panije, ki je znana po zelo kvalitetni keramiki v svetovnem merilu. Plo\u0161\u010dica na sliki je velika 20&#215;59,2 cm. Zelo moderna plo\u0161\u010dica v sivi barvi popestri prav vsak prostor.<\/p>\n<p>Kliknite na ime kolekcije za ogled vseh plo\u0161\u010dic iz te serije: <a class=\"pdfcatal\" href=\"\/\/www.ceramictiles.com\/pdf\/aparici\/catalogue_aparici_open.pdf\" onclick=\"recordOutboundLink(this, 'E-mail', 'Description PDF');return false;\">Aparici Open<\/a><\/p>\n<p>\u010ce \u017eelite naro\u010diti model iz pdf kataloga te kolekcije, nam pi\u0161ite na: <a href=\"mailto:keramoteka.salon@gmail.com\" onclick=\"recordOutboundLink(this, 'E-mail', 'Description mail');return false;\">keramoteka.salon@gmail.com<\/a> ali pa nas pokli\u010dite na: +386 31 255 900.<\/p>\n<p>Technical description: <br \/>  W 20&#215;59,2 <br \/>Open Copper ; Open Verde ;<\/p>\n","protected":false},"excerpt":{"rendered":"<p>Debelina kar 9 mm dela to plo\u0161\u010dico zelo trpe\u017eno in presti\u017eno na otip. Ceramicas Aparici Open Verde prihaja iz \u0160panije, ki je znana po zelo kvalitetni keramiki v svetovnem merilu. Plo\u0161\u010dica na sliki je velika 20&#215;59,2 cm. Zelo moderna plo\u0161\u010dica v sivi barvi popestri prav vsak prostor. Kliknite na ime kolekcije za ogled vseh plo\u0161\u010dic [&hellip;]<\/p>\n","protected":false},"featured_media":99067,"template":"","meta":[],"product_cat":[999773,200,220,999,250,240],"product_tag":[],"_links":{"self":[{"href":"https:\/\/www.keramika.com\/slovenija\/wp-json\/wp\/v2\/product\/99066"}],"collection":[{"href":"https:\/\/www.keramika.com\/slovenija\/wp-json\/wp\/v2\/product"}],"about":[{"href":"https:\/\/www.keramika.com\/slovenija\/wp-json\/wp\/v2\/types\/product"}],"wp:featuredmedia":[{"embeddable":true,"href":"https:\/\/www.keramika.com\/slovenija\/wp-json\/wp\/v2\/media\/99067"}],"wp:attachment":[{"href":"https:\/\/www.keramika.com\/slovenija\/wp-json\/wp\/v2\/media?parent=99066"}],"wp:term":[{"taxonomy":"product_cat","embeddable":true,"href":"https:\/\/www.keramika.com\/slovenija\/wp-json\/wp\/v2\/product_cat?post=99066"},{"taxonomy":"product_tag","embeddable":true,"href":"https:\/\/www.keramika.com\/slovenija\/wp-json\/wp\/v2\/product_tag?post=99066"}],"curies":[{"name":"wp","href":"https:\/\/api.w.org\/{rel}","templated":true}]}}