{"id":99058,"date":"2017-03-22T22:14:36","date_gmt":"2017-03-22T22:14:36","guid":{"rendered":"http:\/\/keramika.holest.com\/slovenija\/product\/keramika-aparici-numa-brown\/"},"modified":"2017-03-22T22:14:36","modified_gmt":"2017-03-22T22:14:36","slug":"keramika-aparici-numa-brown","status":"publish","type":"product","link":"https:\/\/www.keramika.com\/slovenija\/keramika-aparici-numa-brown\/","title":{"rendered":"Keramika Aparici Numa Brown"},"content":{"rendered":"<p>Z 31,6&#215;59,2 cm je ta plo\u0161\u010dica primerna za razli\u010dne podlage. Ceramicas Aparici Numa Brown je pripeljana iz \u0160panije in je zelo kvalitetna. Zelo moderna plo\u0161\u010dica v rjavi barvi popestri prav vsak prostor. Ta plo\u0161\u010dica je debela 9 mm in je zelo trpe\u017ena.<\/p>\n<p>Kliknite na ime kolekcije za ogled vseh plo\u0161\u010dic iz te serije: <a class=\"pdfcatal\" href=\"\/\/www.ceramictiles.com\/pdf\/aparici\/catalogue_aparici_numa.pdf\" onclick=\"recordOutboundLink(this, 'E-mail', 'Description PDF');return false;\">Aparici Numa<\/a><\/p>\n<p>\u010ce \u017eelite naro\u010diti model iz pdf kataloga te kolekcije, nam pi\u0161ite na: <a href=\"mailto:keramoteka.salon@gmail.com\" onclick=\"recordOutboundLink(this, 'E-mail', 'Description mail');return false;\">keramoteka.salon@gmail.com<\/a> ali pa nas pokli\u010dite na: +386 31 255 900.<\/p>\n<p>Technical description: <br \/>  W 31,6&#215;59,2 <br \/>Numa Beige ; Numa Brown ;<\/p>\n","protected":false},"excerpt":{"rendered":"<p>Z 31,6&#215;59,2 cm je ta plo\u0161\u010dica primerna za razli\u010dne podlage. Ceramicas Aparici Numa Brown je pripeljana iz \u0160panije in je zelo kvalitetna. Zelo moderna plo\u0161\u010dica v rjavi barvi popestri prav vsak prostor. Ta plo\u0161\u010dica je debela 9 mm in je zelo trpe\u017ena. Kliknite na ime kolekcije za ogled vseh plo\u0161\u010dic iz te serije: Aparici Numa [&hellip;]<\/p>\n","protected":false},"featured_media":99059,"template":"","meta":[],"product_cat":[999773,200,220,999,250,240],"product_tag":[],"_links":{"self":[{"href":"https:\/\/www.keramika.com\/slovenija\/wp-json\/wp\/v2\/product\/99058"}],"collection":[{"href":"https:\/\/www.keramika.com\/slovenija\/wp-json\/wp\/v2\/product"}],"about":[{"href":"https:\/\/www.keramika.com\/slovenija\/wp-json\/wp\/v2\/types\/product"}],"wp:featuredmedia":[{"embeddable":true,"href":"https:\/\/www.keramika.com\/slovenija\/wp-json\/wp\/v2\/media\/99059"}],"wp:attachment":[{"href":"https:\/\/www.keramika.com\/slovenija\/wp-json\/wp\/v2\/media?parent=99058"}],"wp:term":[{"taxonomy":"product_cat","embeddable":true,"href":"https:\/\/www.keramika.com\/slovenija\/wp-json\/wp\/v2\/product_cat?post=99058"},{"taxonomy":"product_tag","embeddable":true,"href":"https:\/\/www.keramika.com\/slovenija\/wp-json\/wp\/v2\/product_tag?post=99058"}],"curies":[{"name":"wp","href":"https:\/\/api.w.org\/{rel}","templated":true}]}}