{"id":99040,"date":"2017-03-22T22:14:19","date_gmt":"2017-03-22T22:14:19","guid":{"rendered":"http:\/\/keramika.holest.com\/slovenija\/product\/keramika-aparici-metaphor-burdeos-ornato\/"},"modified":"2017-03-22T22:14:19","modified_gmt":"2017-03-22T22:14:19","slug":"keramika-aparici-metaphor-burdeos-ornato","status":"publish","type":"product","link":"https:\/\/www.keramika.com\/slovenija\/keramika-aparici-metaphor-burdeos-ornato\/","title":{"rendered":"Keramika Aparici Metaphor Burdeos Ornato"},"content":{"rendered":"<p>Ceramicas Aparici Metaphor Burdeos Ornato je pripeljana iz \u0160panije in je zelo kvalitetna. Dimenzije te plo\u0161\u010dice so 31,6&#215;44,4 cm. Ta model plo\u0161\u010dice se najbolje prodaja v rde\u010di barvi. Ta plo\u0161\u010dica je debela 9 mm in je zelo trpe\u017ena.<\/p>\n<p>Kliknite na ime kolekcije za ogled vseh plo\u0161\u010dic iz te serije: <a class=\"pdfcatal\" href=\"\/\/www.ceramictiles.com\/pdf\/aparici\/catalogue_aparici_metaphor.pdf\" onclick=\"recordOutboundLink(this, 'E-mail', 'Description PDF');return false;\">Aparici Metaphor<\/a><\/p>\n<p>\u010ce \u017eelite naro\u010diti model iz pdf kataloga te kolekcije, nam pi\u0161ite na: <a href=\"mailto:keramoteka.salon@gmail.com\" onclick=\"recordOutboundLink(this, 'E-mail', 'Description mail');return false;\">keramoteka.salon@gmail.com<\/a> ali pa nas pokli\u010dite na: +386 31 255 900.<\/p>\n<p>Technical description: <br \/>  W 31,6&#215;44,5 <br \/>Metaphor Blanco ; Metaphor Blanco Ornato ; Metaphor Negro Ornato ; Metaphor Acero Ornato ; Metaphor Burdeos Ornato<\/p>\n","protected":false},"excerpt":{"rendered":"<p>Ceramicas Aparici Metaphor Burdeos Ornato je pripeljana iz \u0160panije in je zelo kvalitetna. Dimenzije te plo\u0161\u010dice so 31,6&#215;44,4 cm. Ta model plo\u0161\u010dice se najbolje prodaja v rde\u010di barvi. Ta plo\u0161\u010dica je debela 9 mm in je zelo trpe\u017ena. Kliknite na ime kolekcije za ogled vseh plo\u0161\u010dic iz te serije: Aparici Metaphor \u010ce \u017eelite naro\u010diti model [&hellip;]<\/p>\n","protected":false},"featured_media":99041,"template":"","meta":[],"product_cat":[999773,200,220,999,250,240],"product_tag":[],"_links":{"self":[{"href":"https:\/\/www.keramika.com\/slovenija\/wp-json\/wp\/v2\/product\/99040"}],"collection":[{"href":"https:\/\/www.keramika.com\/slovenija\/wp-json\/wp\/v2\/product"}],"about":[{"href":"https:\/\/www.keramika.com\/slovenija\/wp-json\/wp\/v2\/types\/product"}],"wp:featuredmedia":[{"embeddable":true,"href":"https:\/\/www.keramika.com\/slovenija\/wp-json\/wp\/v2\/media\/99041"}],"wp:attachment":[{"href":"https:\/\/www.keramika.com\/slovenija\/wp-json\/wp\/v2\/media?parent=99040"}],"wp:term":[{"taxonomy":"product_cat","embeddable":true,"href":"https:\/\/www.keramika.com\/slovenija\/wp-json\/wp\/v2\/product_cat?post=99040"},{"taxonomy":"product_tag","embeddable":true,"href":"https:\/\/www.keramika.com\/slovenija\/wp-json\/wp\/v2\/product_tag?post=99040"}],"curies":[{"name":"wp","href":"https:\/\/api.w.org\/{rel}","templated":true}]}}