{"id":99038,"date":"2017-03-22T22:14:17","date_gmt":"2017-03-22T22:14:17","guid":{"rendered":"http:\/\/keramika.holest.com\/slovenija\/product\/keramika-aparici-live-ocre\/"},"modified":"2017-03-22T22:14:17","modified_gmt":"2017-03-22T22:14:17","slug":"keramika-aparici-live-ocre","status":"publish","type":"product","link":"https:\/\/www.keramika.com\/slovenija\/keramika-aparici-live-ocre\/","title":{"rendered":"Keramika Aparici Live Ocre"},"content":{"rendered":"<p>Ceramicas Aparici Live Ocre prihaja iz \u0160panije, ki je znana po zelo kvalitetni keramiki v svetovnem merilu. Dimenzije te plo\u0161\u010dice so 31,6&#215;59,2 cm. Ta kerami\u010dna plo\u0161\u010dica v \u010dudoviti be\u017e barvi bo obogatila vsak prostor. Debelina plo\u0161\u010dice je zelo pomembna in 9 mm uvr\u0161\u010da to plo\u0161\u010dico med najkvalitetnej\u0161e.<\/p>\n<p>Kliknite na ime kolekcije za ogled vseh plo\u0161\u010dic iz te serije: <a class=\"pdfcatal\" href=\"\/\/www.ceramictiles.com\/pdf\/aparici\/catalogue_aparici_live.pdf\" onclick=\"recordOutboundLink(this, 'E-mail', 'Description PDF');return false;\">Aparici Live<\/a><\/p>\n<p>\u010ce \u017eelite naro\u010diti model iz pdf kataloga te kolekcije, nam pi\u0161ite na: <a href=\"mailto:keramoteka.salon@gmail.com\" onclick=\"recordOutboundLink(this, 'E-mail', 'Description mail');return false;\">keramoteka.salon@gmail.com<\/a> ali pa nas pokli\u010dite na: +386 31 255 900.<\/p>\n<p>Technical description: <br \/>  F 31,6&#215;59,2 <br \/>Live Crema ; Live Ocre ; Live Antracita ;<\/p>\n","protected":false},"excerpt":{"rendered":"<p>Ceramicas Aparici Live Ocre prihaja iz \u0160panije, ki je znana po zelo kvalitetni keramiki v svetovnem merilu. Dimenzije te plo\u0161\u010dice so 31,6&#215;59,2 cm. Ta kerami\u010dna plo\u0161\u010dica v \u010dudoviti be\u017e barvi bo obogatila vsak prostor. Debelina plo\u0161\u010dice je zelo pomembna in 9 mm uvr\u0161\u010da to plo\u0161\u010dico med najkvalitetnej\u0161e. Kliknite na ime kolekcije za ogled vseh plo\u0161\u010dic [&hellip;]<\/p>\n","protected":false},"featured_media":99039,"template":"","meta":[],"product_cat":[999773,200,230,999,240],"product_tag":[],"_links":{"self":[{"href":"https:\/\/www.keramika.com\/slovenija\/wp-json\/wp\/v2\/product\/99038"}],"collection":[{"href":"https:\/\/www.keramika.com\/slovenija\/wp-json\/wp\/v2\/product"}],"about":[{"href":"https:\/\/www.keramika.com\/slovenija\/wp-json\/wp\/v2\/types\/product"}],"wp:featuredmedia":[{"embeddable":true,"href":"https:\/\/www.keramika.com\/slovenija\/wp-json\/wp\/v2\/media\/99039"}],"wp:attachment":[{"href":"https:\/\/www.keramika.com\/slovenija\/wp-json\/wp\/v2\/media?parent=99038"}],"wp:term":[{"taxonomy":"product_cat","embeddable":true,"href":"https:\/\/www.keramika.com\/slovenija\/wp-json\/wp\/v2\/product_cat?post=99038"},{"taxonomy":"product_tag","embeddable":true,"href":"https:\/\/www.keramika.com\/slovenija\/wp-json\/wp\/v2\/product_tag?post=99038"}],"curies":[{"name":"wp","href":"https:\/\/api.w.org\/{rel}","templated":true}]}}