{"id":99034,"date":"2017-03-22T22:14:14","date_gmt":"2017-03-22T22:14:14","guid":{"rendered":"http:\/\/keramika.holest.com\/slovenija\/product\/keramika-aparici-lattice-naranja\/"},"modified":"2017-03-22T22:14:14","modified_gmt":"2017-03-22T22:14:14","slug":"keramika-aparici-lattice-naranja","status":"publish","type":"product","link":"https:\/\/www.keramika.com\/slovenija\/keramika-aparici-lattice-naranja\/","title":{"rendered":"Keramika Aparici Lattice Naranja"},"content":{"rendered":"<p>Zelo moderna plo\u0161\u010dica v oran\u017eni barvi popestri prav vsak prostor. Debelina plo\u0161\u010dice je zelo pomembna in 9 mm uvr\u0161\u010da to plo\u0161\u010dico med najkvalitetnej\u0161e. Ceramicas Aparici Lattice Naranja prihaja iz \u0160panije, ki je znana po zelo kvalitetni keramiki v svetovnem merilu. Velikost te plo\u0161\u010dice je 20&#215;59,2 cm.<\/p>\n<p>Kliknite na ime kolekcije za ogled vseh plo\u0161\u010dic iz te serije: <a class=\"pdfcatal\" href=\"\/\/www.ceramictiles.com\/pdf\/aparici\/catalogue_aparici_lattice.pdf\" onclick=\"recordOutboundLink(this, 'E-mail', 'Description PDF');return false;\">Aparici Lattice<\/a><\/p>\n<p>\u010ce \u017eelite naro\u010diti model iz pdf kataloga te kolekcije, nam pi\u0161ite na: <a href=\"mailto:keramoteka.salon@gmail.com\" onclick=\"recordOutboundLink(this, 'E-mail', 'Description mail');return false;\">keramoteka.salon@gmail.com<\/a> ali pa nas pokli\u010dite na: +386 31 255 900.<\/p>\n<p>Technical description: <br \/>  W 20&#215;59,2 <br \/>Lattice Blanco ; Lattice Cian ; Lattice Cian Corte ; Lattice Pistacho ; Lattice Pistacho Corte ; Lattice Naranja ; Lattice Naranja Corte ;<\/p>\n","protected":false},"excerpt":{"rendered":"<p>Zelo moderna plo\u0161\u010dica v oran\u017eni barvi popestri prav vsak prostor. Debelina plo\u0161\u010dice je zelo pomembna in 9 mm uvr\u0161\u010da to plo\u0161\u010dico med najkvalitetnej\u0161e. Ceramicas Aparici Lattice Naranja prihaja iz \u0160panije, ki je znana po zelo kvalitetni keramiki v svetovnem merilu. Velikost te plo\u0161\u010dice je 20&#215;59,2 cm. Kliknite na ime kolekcije za ogled vseh plo\u0161\u010dic iz [&hellip;]<\/p>\n","protected":false},"featured_media":99035,"template":"","meta":[],"product_cat":[999773,200,220,999,250,240],"product_tag":[],"_links":{"self":[{"href":"https:\/\/www.keramika.com\/slovenija\/wp-json\/wp\/v2\/product\/99034"}],"collection":[{"href":"https:\/\/www.keramika.com\/slovenija\/wp-json\/wp\/v2\/product"}],"about":[{"href":"https:\/\/www.keramika.com\/slovenija\/wp-json\/wp\/v2\/types\/product"}],"wp:featuredmedia":[{"embeddable":true,"href":"https:\/\/www.keramika.com\/slovenija\/wp-json\/wp\/v2\/media\/99035"}],"wp:attachment":[{"href":"https:\/\/www.keramika.com\/slovenija\/wp-json\/wp\/v2\/media?parent=99034"}],"wp:term":[{"taxonomy":"product_cat","embeddable":true,"href":"https:\/\/www.keramika.com\/slovenija\/wp-json\/wp\/v2\/product_cat?post=99034"},{"taxonomy":"product_tag","embeddable":true,"href":"https:\/\/www.keramika.com\/slovenija\/wp-json\/wp\/v2\/product_tag?post=99034"}],"curies":[{"name":"wp","href":"https:\/\/api.w.org\/{rel}","templated":true}]}}