{"id":99028,"date":"2017-03-22T22:14:11","date_gmt":"2017-03-22T22:14:11","guid":{"rendered":"http:\/\/keramika.holest.com\/slovenija\/product\/keramika-aparici-holiday-blanco\/"},"modified":"2017-03-22T22:14:11","modified_gmt":"2017-03-22T22:14:11","slug":"keramika-aparici-holiday-blanco","status":"publish","type":"product","link":"https:\/\/www.keramika.com\/slovenija\/keramika-aparici-holiday-blanco\/","title":{"rendered":"Keramika Aparici Holiday Blanco"},"content":{"rendered":"<p>Z velikostjo 20&#215;40 cm je ta plo\u0161\u010dica primerna ze razli\u010dne povr\u0161ine. Ta plo\u0161\u010dica je debela 9 mm in je zelo trpe\u017ena. Zelo moderna plo\u0161\u010dica v beli barvi popestri prav vsak prostor. Ceramicas Aparici Holiday Blanco je plo\u0161\u010dica proizvajalca Aparici in prihaja iz \u0160panije.<\/p>\n<p>Kliknite na ime kolekcije za ogled vseh plo\u0161\u010dic iz te serije: <a class=\"pdfcatal\" href=\"\/\/www.ceramictiles.com\/pdf\/aparici\/catalogue_aparici_holiday.pdf\" onclick=\"recordOutboundLink(this, 'E-mail', 'Description PDF');return false;\">Aparici Holiday<\/a><\/p>\n<p>\u010ce \u017eelite naro\u010diti model iz pdf kataloga te kolekcije, nam pi\u0161ite na: <a href=\"mailto:keramoteka.salon@gmail.com\" onclick=\"recordOutboundLink(this, 'E-mail', 'Description mail');return false;\">keramoteka.salon@gmail.com<\/a> ali pa nas pokli\u010dite na: +386 31 255 900.<\/p>\n<p>Technical description: <br \/>  W 20&#215;40 <br \/>Holiday Blanco ; Holiday Negro ; Holiday Mar ; Holiday Melocoton ; Holiday Amarillo ; Holiday Rojo ;<\/p>\n","protected":false},"excerpt":{"rendered":"<p>Z velikostjo 20&#215;40 cm je ta plo\u0161\u010dica primerna ze razli\u010dne povr\u0161ine. Ta plo\u0161\u010dica je debela 9 mm in je zelo trpe\u017ena. Zelo moderna plo\u0161\u010dica v beli barvi popestri prav vsak prostor. Ceramicas Aparici Holiday Blanco je plo\u0161\u010dica proizvajalca Aparici in prihaja iz \u0160panije. Kliknite na ime kolekcije za ogled vseh plo\u0161\u010dic iz te serije: Aparici [&hellip;]<\/p>\n","protected":false},"featured_media":99029,"template":"","meta":[],"product_cat":[999773,200,220,230,999,250,240],"product_tag":[],"_links":{"self":[{"href":"https:\/\/www.keramika.com\/slovenija\/wp-json\/wp\/v2\/product\/99028"}],"collection":[{"href":"https:\/\/www.keramika.com\/slovenija\/wp-json\/wp\/v2\/product"}],"about":[{"href":"https:\/\/www.keramika.com\/slovenija\/wp-json\/wp\/v2\/types\/product"}],"wp:featuredmedia":[{"embeddable":true,"href":"https:\/\/www.keramika.com\/slovenija\/wp-json\/wp\/v2\/media\/99029"}],"wp:attachment":[{"href":"https:\/\/www.keramika.com\/slovenija\/wp-json\/wp\/v2\/media?parent=99028"}],"wp:term":[{"taxonomy":"product_cat","embeddable":true,"href":"https:\/\/www.keramika.com\/slovenija\/wp-json\/wp\/v2\/product_cat?post=99028"},{"taxonomy":"product_tag","embeddable":true,"href":"https:\/\/www.keramika.com\/slovenija\/wp-json\/wp\/v2\/product_tag?post=99028"}],"curies":[{"name":"wp","href":"https:\/\/api.w.org\/{rel}","templated":true}]}}