{"id":99004,"date":"2017-03-22T22:13:53","date_gmt":"2017-03-22T22:13:53","guid":{"rendered":"http:\/\/keramika.holest.com\/slovenija\/product\/mozaik-ploscice-aparici-moonlight\/"},"modified":"2017-03-22T22:13:53","modified_gmt":"2017-03-22T22:13:53","slug":"mozaik-ploscice-aparici-moonlight","status":"publish","type":"product","link":"https:\/\/www.keramika.com\/slovenija\/mozaik-ploscice-aparici-moonlight\/","title":{"rendered":"Mozaik plo\u0161\u010dice Aparici Moonlight"},"content":{"rendered":"<p>Ceramicas Aparici Moonlight prihaja iz \u0160panije, ki je znana po zelo kvalitetni keramiki v svetovnem merilu. Velikost te plo\u0161\u010dice je 20&#215;59,2 cm in je primerna za razli\u010dne povr\u0161ine. 9 mm debeline je dovolj tudi za zahtevnej\u0161e kupce. Keramika v be\u017e barvi popestri vsak prostor.<\/p>\n<p>Kliknite na ime kolekcije za ogled vseh plo\u0161\u010dic iz te serije: <a class=\"pdfcatal\" href=\"\/\/www.ceramictiles.com\/pdf\/aparici\/catalogue_aparici_moonlight.pdf\" onclick=\"recordOutboundLink(this, 'E-mail', 'Description PDF');return false;\">Aparici Moonlight<\/a><\/p>\n<p>\u010ce \u017eelite naro\u010diti model iz pdf kataloga te kolekcije, nam pi\u0161ite na: <a href=\"mailto:keramoteka.salon@gmail.com\" onclick=\"recordOutboundLink(this, 'E-mail', 'Description mail');return false;\">keramoteka.salon@gmail.com<\/a> ali pa nas pokli\u010dite na: +386 31 255 900.<\/p>\n<p>Technical description: <br \/>  W 20&#215;59,2 <br \/>Moonlight Beige Spot ; Moonlight Azul Spot ;<\/p>\n","protected":false},"excerpt":{"rendered":"<p>Ceramicas Aparici Moonlight prihaja iz \u0160panije, ki je znana po zelo kvalitetni keramiki v svetovnem merilu. Velikost te plo\u0161\u010dice je 20&#215;59,2 cm in je primerna za razli\u010dne povr\u0161ine. 9 mm debeline je dovolj tudi za zahtevnej\u0161e kupce. Keramika v be\u017e barvi popestri vsak prostor. Kliknite na ime kolekcije za ogled vseh plo\u0161\u010dic iz te serije: [&hellip;]<\/p>\n","protected":false},"featured_media":99005,"template":"","meta":[],"product_cat":[999773,200,220,999,250,240],"product_tag":[],"_links":{"self":[{"href":"https:\/\/www.keramika.com\/slovenija\/wp-json\/wp\/v2\/product\/99004"}],"collection":[{"href":"https:\/\/www.keramika.com\/slovenija\/wp-json\/wp\/v2\/product"}],"about":[{"href":"https:\/\/www.keramika.com\/slovenija\/wp-json\/wp\/v2\/types\/product"}],"wp:featuredmedia":[{"embeddable":true,"href":"https:\/\/www.keramika.com\/slovenija\/wp-json\/wp\/v2\/media\/99005"}],"wp:attachment":[{"href":"https:\/\/www.keramika.com\/slovenija\/wp-json\/wp\/v2\/media?parent=99004"}],"wp:term":[{"taxonomy":"product_cat","embeddable":true,"href":"https:\/\/www.keramika.com\/slovenija\/wp-json\/wp\/v2\/product_cat?post=99004"},{"taxonomy":"product_tag","embeddable":true,"href":"https:\/\/www.keramika.com\/slovenija\/wp-json\/wp\/v2\/product_tag?post=99004"}],"curies":[{"name":"wp","href":"https:\/\/api.w.org\/{rel}","templated":true}]}}