{"id":99002,"date":"2017-03-22T22:13:51","date_gmt":"2017-03-22T22:13:51","guid":{"rendered":"http:\/\/keramika.holest.com\/slovenija\/product\/keramika-aparici-dress-crema\/"},"modified":"2017-03-22T22:13:51","modified_gmt":"2017-03-22T22:13:51","slug":"keramika-aparici-dress-crema","status":"publish","type":"product","link":"https:\/\/www.keramika.com\/slovenija\/keramika-aparici-dress-crema\/","title":{"rendered":"Keramika Aparici Dress Crema"},"content":{"rendered":"<p>Ceramicas Aparici Dress Crema je pripeljana iz \u0160panije in je zelo kvalitetna. Zelo moderna plo\u0161\u010dica v be\u017e barvi popestri prav vsak prostor. Debelina plo\u0161\u010dice je zelo pomembna in 9 mm uvr\u0161\u010da to plo\u0161\u010dico med najkvalitetnej\u0161e. Dimenzije te plo\u0161\u010dice so 25,1&#215;75,6 cm.<\/p>\n<p>Kliknite na ime kolekcije za ogled vseh plo\u0161\u010dic iz te serije: <a class=\"pdfcatal\" href=\"\/\/www.ceramictiles.com\/pdf\/aparici\/catalogue_aparici_dress.pdf\" onclick=\"recordOutboundLink(this, 'E-mail', 'Description PDF');return false;\">Aparici Dress<\/a><\/p>\n<p>\u010ce \u017eelite naro\u010diti model iz pdf kataloga te kolekcije, nam pi\u0161ite na: <a href=\"mailto:keramoteka.salon@gmail.com\" onclick=\"recordOutboundLink(this, 'E-mail', 'Description mail');return false;\">keramoteka.salon@gmail.com<\/a> ali pa nas pokli\u010dite na: +386 31 255 900.<\/p>\n<p>Technical description: <br \/>  W 25,1&#215;75,6 <br \/>Dress Crema ; Dress Noce ; Dress Trace ;<\/p>\n","protected":false},"excerpt":{"rendered":"<p>Ceramicas Aparici Dress Crema je pripeljana iz \u0160panije in je zelo kvalitetna. Zelo moderna plo\u0161\u010dica v be\u017e barvi popestri prav vsak prostor. Debelina plo\u0161\u010dice je zelo pomembna in 9 mm uvr\u0161\u010da to plo\u0161\u010dico med najkvalitetnej\u0161e. Dimenzije te plo\u0161\u010dice so 25,1&#215;75,6 cm. Kliknite na ime kolekcije za ogled vseh plo\u0161\u010dic iz te serije: Aparici Dress \u010ce [&hellip;]<\/p>\n","protected":false},"featured_media":99003,"template":"","meta":[],"product_cat":[999773,200,220,999,250,240],"product_tag":[],"_links":{"self":[{"href":"https:\/\/www.keramika.com\/slovenija\/wp-json\/wp\/v2\/product\/99002"}],"collection":[{"href":"https:\/\/www.keramika.com\/slovenija\/wp-json\/wp\/v2\/product"}],"about":[{"href":"https:\/\/www.keramika.com\/slovenija\/wp-json\/wp\/v2\/types\/product"}],"wp:featuredmedia":[{"embeddable":true,"href":"https:\/\/www.keramika.com\/slovenija\/wp-json\/wp\/v2\/media\/99003"}],"wp:attachment":[{"href":"https:\/\/www.keramika.com\/slovenija\/wp-json\/wp\/v2\/media?parent=99002"}],"wp:term":[{"taxonomy":"product_cat","embeddable":true,"href":"https:\/\/www.keramika.com\/slovenija\/wp-json\/wp\/v2\/product_cat?post=99002"},{"taxonomy":"product_tag","embeddable":true,"href":"https:\/\/www.keramika.com\/slovenija\/wp-json\/wp\/v2\/product_tag?post=99002"}],"curies":[{"name":"wp","href":"https:\/\/api.w.org\/{rel}","templated":true}]}}