{"id":98990,"date":"2017-03-22T22:13:43","date_gmt":"2017-03-22T22:13:43","guid":{"rendered":"http:\/\/keramika.holest.com\/slovenija\/product\/keramika-aparici-coast-marfil\/"},"modified":"2017-03-22T22:13:43","modified_gmt":"2017-03-22T22:13:43","slug":"keramika-aparici-coast-marfil","status":"publish","type":"product","link":"https:\/\/www.keramika.com\/slovenija\/keramika-aparici-coast-marfil\/","title":{"rendered":"Keramika Aparici Coast Marfil"},"content":{"rendered":"<p>Plo\u0161\u010dica je debela kar 9 mm, kar jo uvr\u0161\u010da med bolj trde plo\u0161\u010dice. Prihaja iz \u0160panije, ki po svetu slovi kot ena bolj\u0161ih proizvajalk kerami\u010dnih plo\u0161\u010dic. \u0160irina in dol\u017eina te plo\u0161\u010dice sta 20&#215;59,2 cm. Ta plo\u0161\u010dica je na voljo v \u010dudoviti srebrni barvi, \u010de \u017eelite kak\u0161no drugo barvo pa nas kontaktirajte in preverili bomo pri proizvajalcu.<\/p>\n<p>Kliknite na ime kolekcije za ogled vseh plo\u0161\u010dic iz te serije: <a class=\"pdfcatal\" href=\"\/\/www.ceramictiles.com\/pdf\/aparici\/catalogue_aparici_coast.pdf\" onclick=\"recordOutboundLink(this, 'E-mail', 'Description PDF');return false;\">Aparici Coast<\/a><\/p>\n<p>\u010ce \u017eelite naro\u010diti model iz pdf kataloga te kolekcije, nam pi\u0161ite na: <a href=\"mailto:keramoteka.salon@gmail.com\" onclick=\"recordOutboundLink(this, 'E-mail', 'Description mail');return false;\">keramoteka.salon@gmail.com<\/a> ali pa nas pokli\u010dite na: +386 31 255 900.<\/p>\n<p>Technical description: <br \/>  W 20&#215;59,2 <br \/>Coast Marfil ; Coast Marfil Trenz ; Coast Gris ; Coast Gris Trenz ; Coast Ocre ; Coast Ocre Trenz ;<\/p>\n","protected":false},"excerpt":{"rendered":"<p>Plo\u0161\u010dica je debela kar 9 mm, kar jo uvr\u0161\u010da med bolj trde plo\u0161\u010dice. Prihaja iz \u0160panije, ki po svetu slovi kot ena bolj\u0161ih proizvajalk kerami\u010dnih plo\u0161\u010dic. \u0160irina in dol\u017eina te plo\u0161\u010dice sta 20&#215;59,2 cm. Ta plo\u0161\u010dica je na voljo v \u010dudoviti srebrni barvi, \u010de \u017eelite kak\u0161no drugo barvo pa nas kontaktirajte in preverili bomo pri [&hellip;]<\/p>\n","protected":false},"featured_media":98991,"template":"","meta":[],"product_cat":[999773,200,220,999,250,240],"product_tag":[],"_links":{"self":[{"href":"https:\/\/www.keramika.com\/slovenija\/wp-json\/wp\/v2\/product\/98990"}],"collection":[{"href":"https:\/\/www.keramika.com\/slovenija\/wp-json\/wp\/v2\/product"}],"about":[{"href":"https:\/\/www.keramika.com\/slovenija\/wp-json\/wp\/v2\/types\/product"}],"wp:featuredmedia":[{"embeddable":true,"href":"https:\/\/www.keramika.com\/slovenija\/wp-json\/wp\/v2\/media\/98991"}],"wp:attachment":[{"href":"https:\/\/www.keramika.com\/slovenija\/wp-json\/wp\/v2\/media?parent=98990"}],"wp:term":[{"taxonomy":"product_cat","embeddable":true,"href":"https:\/\/www.keramika.com\/slovenija\/wp-json\/wp\/v2\/product_cat?post=98990"},{"taxonomy":"product_tag","embeddable":true,"href":"https:\/\/www.keramika.com\/slovenija\/wp-json\/wp\/v2\/product_tag?post=98990"}],"curies":[{"name":"wp","href":"https:\/\/api.w.org\/{rel}","templated":true}]}}