{"id":98988,"date":"2017-03-22T22:13:41","date_gmt":"2017-03-22T22:13:41","guid":{"rendered":"http:\/\/keramika.holest.com\/slovenija\/product\/keramika-aparici-clinker-grey\/"},"modified":"2017-03-22T22:13:41","modified_gmt":"2017-03-22T22:13:41","slug":"keramika-aparici-clinker-grey","status":"publish","type":"product","link":"https:\/\/www.keramika.com\/slovenija\/keramika-aparici-clinker-grey\/","title":{"rendered":"Keramika Aparici Clinker Grey"},"content":{"rendered":"<p>9 mm debeline je dovolj tudi za zahtevnej\u0161e kupce. Zelo moderna plo\u0161\u010dica v sivi barvi popestri prav vsak prostor. Dimenzije te plo\u0161\u010dice so 31,6&#215;59,2 cm. Prihaja iz \u0160panije, ki po svetu slovi kot ena bolj\u0161ih proizvajalk kerami\u010dnih plo\u0161\u010dic.<\/p>\n<p>Kliknite na ime kolekcije za ogled vseh plo\u0161\u010dic iz te serije: <a class=\"pdfcatal\" href=\"\/\/www.ceramictiles.com\/pdf\/aparici\/catalogue_aparici_clinker.pdf\" onclick=\"recordOutboundLink(this, 'E-mail', 'Description PDF');return false;\">Aparici Clinker<\/a><\/p>\n<p>\u010ce \u017eelite naro\u010diti model iz pdf kataloga te kolekcije, nam pi\u0161ite na: <a href=\"mailto:keramoteka.salon@gmail.com\" onclick=\"recordOutboundLink(this, 'E-mail', 'Description mail');return false;\">keramoteka.salon@gmail.com<\/a> ali pa nas pokli\u010dite na: +386 31 255 900.<\/p>\n<p>Technical description: <br \/>  W &#038; F 31,6&#215;59,2 ; 59,2&#215;59,2 <br \/>Clinker Ivory ; Clinker Ivory Vortex ; Clinker Ivory Natural ; Clinker Grey ; Clinker Grey Vortex ; Clinker Grey Natural ; Clinker Beige ; Clinker Beige Vortex ; Clinker Beige Natural ; Clinker Ornato ;<\/p>\n","protected":false},"excerpt":{"rendered":"<p>9 mm debeline je dovolj tudi za zahtevnej\u0161e kupce. Zelo moderna plo\u0161\u010dica v sivi barvi popestri prav vsak prostor. Dimenzije te plo\u0161\u010dice so 31,6&#215;59,2 cm. Prihaja iz \u0160panije, ki po svetu slovi kot ena bolj\u0161ih proizvajalk kerami\u010dnih plo\u0161\u010dic. Kliknite na ime kolekcije za ogled vseh plo\u0161\u010dic iz te serije: Aparici Clinker \u010ce \u017eelite naro\u010diti model [&hellip;]<\/p>\n","protected":false},"featured_media":98989,"template":"","meta":[],"product_cat":[999773,200,220,999,250,240],"product_tag":[],"_links":{"self":[{"href":"https:\/\/www.keramika.com\/slovenija\/wp-json\/wp\/v2\/product\/98988"}],"collection":[{"href":"https:\/\/www.keramika.com\/slovenija\/wp-json\/wp\/v2\/product"}],"about":[{"href":"https:\/\/www.keramika.com\/slovenija\/wp-json\/wp\/v2\/types\/product"}],"wp:featuredmedia":[{"embeddable":true,"href":"https:\/\/www.keramika.com\/slovenija\/wp-json\/wp\/v2\/media\/98989"}],"wp:attachment":[{"href":"https:\/\/www.keramika.com\/slovenija\/wp-json\/wp\/v2\/media?parent=98988"}],"wp:term":[{"taxonomy":"product_cat","embeddable":true,"href":"https:\/\/www.keramika.com\/slovenija\/wp-json\/wp\/v2\/product_cat?post=98988"},{"taxonomy":"product_tag","embeddable":true,"href":"https:\/\/www.keramika.com\/slovenija\/wp-json\/wp\/v2\/product_tag?post=98988"}],"curies":[{"name":"wp","href":"https:\/\/api.w.org\/{rel}","templated":true}]}}