{"id":98986,"date":"2017-03-22T22:13:39","date_gmt":"2017-03-22T22:13:39","guid":{"rendered":"http:\/\/keramika.holest.com\/slovenija\/product\/keramika-aparici-cliff-marfil\/"},"modified":"2017-03-22T22:13:39","modified_gmt":"2017-03-22T22:13:39","slug":"keramika-aparici-cliff-marfil","status":"publish","type":"product","link":"https:\/\/www.keramika.com\/slovenija\/keramika-aparici-cliff-marfil\/","title":{"rendered":"Keramika Aparici Cliff Marfil"},"content":{"rendered":"<p>Ta plo\u0161\u010dica je na voljo v \u010dudoviti be\u017e barvi, \u010de \u017eelite kak\u0161no drugo barvo pa nas kontaktirajte in preverili bomo pri proizvajalcu. 9 mm je debelina, ki zadovolji tudi zahtevnej\u0161e kupce. Z 31,6&#215;59,2 cm je ta plo\u0161\u010dica primerna za razli\u010dne podlage. Ceramicas Aparici Cliff Marfil je plo\u0161\u010dica proizvajalca Aparici in prihaja iz \u0160panije.<\/p>\n<p>Kliknite na ime kolekcije za ogled vseh plo\u0161\u010dic iz te serije: <a class=\"pdfcatal\" href=\"\/\/www.ceramictiles.com\/pdf\/aparici\/catalogue_aparici_cliff.pdf\" onclick=\"recordOutboundLink(this, 'E-mail', 'Description PDF');return false;\">Aparici Cliff<\/a><\/p>\n<p>\u010ce \u017eelite naro\u010diti model iz pdf kataloga te kolekcije, nam pi\u0161ite na: <a href=\"mailto:keramoteka.salon@gmail.com\" onclick=\"recordOutboundLink(this, 'E-mail', 'Description mail');return false;\">keramoteka.salon@gmail.com<\/a> ali pa nas pokli\u010dite na: +386 31 255 900.<\/p>\n<p>Technical description: <br \/>  F 31,6&#215;59,2 <br \/>Cliff Marfil ; Cliff Gris ; Cliff Ocre ;<\/p>\n","protected":false},"excerpt":{"rendered":"<p>Ta plo\u0161\u010dica je na voljo v \u010dudoviti be\u017e barvi, \u010de \u017eelite kak\u0161no drugo barvo pa nas kontaktirajte in preverili bomo pri proizvajalcu. 9 mm je debelina, ki zadovolji tudi zahtevnej\u0161e kupce. Z 31,6&#215;59,2 cm je ta plo\u0161\u010dica primerna za razli\u010dne podlage. Ceramicas Aparici Cliff Marfil je plo\u0161\u010dica proizvajalca Aparici in prihaja iz \u0160panije. Kliknite na [&hellip;]<\/p>\n","protected":false},"featured_media":98987,"template":"","meta":[],"product_cat":[999773,200,220,999,250,240],"product_tag":[],"_links":{"self":[{"href":"https:\/\/www.keramika.com\/slovenija\/wp-json\/wp\/v2\/product\/98986"}],"collection":[{"href":"https:\/\/www.keramika.com\/slovenija\/wp-json\/wp\/v2\/product"}],"about":[{"href":"https:\/\/www.keramika.com\/slovenija\/wp-json\/wp\/v2\/types\/product"}],"wp:featuredmedia":[{"embeddable":true,"href":"https:\/\/www.keramika.com\/slovenija\/wp-json\/wp\/v2\/media\/98987"}],"wp:attachment":[{"href":"https:\/\/www.keramika.com\/slovenija\/wp-json\/wp\/v2\/media?parent=98986"}],"wp:term":[{"taxonomy":"product_cat","embeddable":true,"href":"https:\/\/www.keramika.com\/slovenija\/wp-json\/wp\/v2\/product_cat?post=98986"},{"taxonomy":"product_tag","embeddable":true,"href":"https:\/\/www.keramika.com\/slovenija\/wp-json\/wp\/v2\/product_tag?post=98986"}],"curies":[{"name":"wp","href":"https:\/\/api.w.org\/{rel}","templated":true}]}}