{"id":98950,"date":"2017-05-22T22:13:16","date_gmt":"2017-05-22T22:13:16","guid":{"rendered":"http:\/\/keramika.holest.com\/slovenija\/product\/keramika-aparici-arinsal-rojo\/"},"modified":"2017-06-02T12:02:44","modified_gmt":"2017-06-02T12:02:44","slug":"keramika-aparici-arinsal-rojo","status":"publish","type":"product","link":"https:\/\/www.keramika.com\/slovenija\/keramika-aparici-arinsal-rojo\/","title":{"rendered":"Keramika Aparici Arinsal Rojo"},"content":{"rendered":"<p>\u0160irina in dol\u017eina te plo\u0161\u010dice sta 20&#215;59,2 cm. 9 mm je debelina, ki zadovolji tudi zahtevnej\u0161e kupce. Ta plo\u0161\u010dica je na voljo v \u010dudoviti rde\u010di barvi, \u010de \u017eelite kak\u0161no drugo barvo pa nas kontaktirajte in preverili bomo pri proizvajalcu. Ceramicas Aparici Arinsal Rojo prihaja iz \u0160panije, ki je znana po zelo kvalitetni keramiki v svetovnem merilu.<\/p>\n<p>Kliknite na ime kolekcije za ogled vseh plo\u0161\u010dic iz te serije: <a class=\"pdfcatal\" href=\"\/\/www.ceramictiles.com\/pdf\/aparici\/catalogue_aparici_arinsal.pdf\" onclick=\"recordOutboundLink(this, 'E-mail', 'Description PDF');return false;\">Aparici Arinsal<\/a><\/p>\n<p>\u010ce \u017eelite naro\u010diti model iz pdf kataloga te kolekcije, nam pi\u0161ite na: <a href=\"mailto:keramoteka.salon@gmail.com\" onclick=\"recordOutboundLink(this, 'E-mail', 'Description mail');return false;\">keramoteka.salon@gmail.com<\/a> ali pa nas pokli\u010dite na: +386 31 255 900.<\/p>\n<p>Technical description: <br \/>  W 20&#215;59,2 <br \/>Arinsal Blanco ; Arinsal Blanco Ondulado ; Arinsal Blanco Spot ; Arinsal Negro ; Arinsal Negro Spot ; Arinsal Rojo ; Arinsal Rojo Spot ; Arinsal Amarante ; Arinsal Amarante Ondulado ; Arinsal Verde ; Arinsal Verde Ondulado ; Arinsa<\/p>\n","protected":false},"excerpt":{"rendered":"<p>\u0160irina in dol\u017eina te plo\u0161\u010dice sta 20&#215;59,2 cm. 9 mm je debelina, ki zadovolji tudi zahtevnej\u0161e kupce. Ta plo\u0161\u010dica je na voljo v \u010dudoviti rde\u010di barvi, \u010de \u017eelite kak\u0161no drugo barvo pa nas kontaktirajte in preverili bomo pri proizvajalcu. Ceramicas Aparici Arinsal Rojo prihaja iz \u0160panije, ki je znana po zelo kvalitetni keramiki v svetovnem [&hellip;]<\/p>\n","protected":false},"featured_media":110793,"template":"","meta":[],"product_cat":[999773,200,220,999,250,240],"product_tag":[99921980],"_links":{"self":[{"href":"https:\/\/www.keramika.com\/slovenija\/wp-json\/wp\/v2\/product\/98950"}],"collection":[{"href":"https:\/\/www.keramika.com\/slovenija\/wp-json\/wp\/v2\/product"}],"about":[{"href":"https:\/\/www.keramika.com\/slovenija\/wp-json\/wp\/v2\/types\/product"}],"wp:featuredmedia":[{"embeddable":true,"href":"https:\/\/www.keramika.com\/slovenija\/wp-json\/wp\/v2\/media\/110793"}],"wp:attachment":[{"href":"https:\/\/www.keramika.com\/slovenija\/wp-json\/wp\/v2\/media?parent=98950"}],"wp:term":[{"taxonomy":"product_cat","embeddable":true,"href":"https:\/\/www.keramika.com\/slovenija\/wp-json\/wp\/v2\/product_cat?post=98950"},{"taxonomy":"product_tag","embeddable":true,"href":"https:\/\/www.keramika.com\/slovenija\/wp-json\/wp\/v2\/product_tag?post=98950"}],"curies":[{"name":"wp","href":"https:\/\/api.w.org\/{rel}","templated":true}]}}