{"id":98942,"date":"2017-03-22T22:13:10","date_gmt":"2017-03-22T22:13:10","guid":{"rendered":"http:\/\/keramika.holest.com\/slovenija\/product\/keramika-aparici-almansa-tierra\/"},"modified":"2017-03-22T22:13:10","modified_gmt":"2017-03-22T22:13:10","slug":"keramika-aparici-almansa-tierra","status":"publish","type":"product","link":"https:\/\/www.keramika.com\/slovenija\/keramika-aparici-almansa-tierra\/","title":{"rendered":"Keramika Aparici Almansa Tierra"},"content":{"rendered":"<p>Dimenzije te plo\u0161\u010dice so 31,6&#215;31,6 cm. Ceramicas Aparici Almansa Tierra je pripeljana iz \u0160panije in je zelo kvalitetna. Ta plo\u0161\u010dica je debela 9 mm in je zelo trpe\u017ena. Pri izbiri plo\u0161\u010dice v rjavi barvi ne morete zgre\u0161iti.<\/p>\n<p>Kliknite na ime kolekcije za ogled vseh plo\u0161\u010dic iz te serije: <a class=\"pdfcatal\" href=\"\/\/www.ceramictiles.com\/pdf\/aparici\/catalogue_aparici_almansa.pdf\" onclick=\"recordOutboundLink(this, 'E-mail', 'Description PDF');return false;\">Aparici Almansa<\/a><\/p>\n<p>\u010ce \u017eelite naro\u010diti model iz pdf kataloga te kolekcije, nam pi\u0161ite na: <a href=\"mailto:keramoteka.salon@gmail.com\" onclick=\"recordOutboundLink(this, 'E-mail', 'Description mail');return false;\">keramoteka.salon@gmail.com<\/a> ali pa nas pokli\u010dite na: +386 31 255 900.<\/p>\n<p>Technical description: <br \/>  F 31,6&#215;31,6 <br \/>Almansa Tierra ;<\/p>\n","protected":false},"excerpt":{"rendered":"<p>Dimenzije te plo\u0161\u010dice so 31,6&#215;31,6 cm. Ceramicas Aparici Almansa Tierra je pripeljana iz \u0160panije in je zelo kvalitetna. Ta plo\u0161\u010dica je debela 9 mm in je zelo trpe\u017ena. Pri izbiri plo\u0161\u010dice v rjavi barvi ne morete zgre\u0161iti. Kliknite na ime kolekcije za ogled vseh plo\u0161\u010dic iz te serije: Aparici Almansa \u010ce \u017eelite naro\u010diti model iz [&hellip;]<\/p>\n","protected":false},"featured_media":98943,"template":"","meta":[],"product_cat":[999773,200,220,999,250,240],"product_tag":[],"_links":{"self":[{"href":"https:\/\/www.keramika.com\/slovenija\/wp-json\/wp\/v2\/product\/98942"}],"collection":[{"href":"https:\/\/www.keramika.com\/slovenija\/wp-json\/wp\/v2\/product"}],"about":[{"href":"https:\/\/www.keramika.com\/slovenija\/wp-json\/wp\/v2\/types\/product"}],"wp:featuredmedia":[{"embeddable":true,"href":"https:\/\/www.keramika.com\/slovenija\/wp-json\/wp\/v2\/media\/98943"}],"wp:attachment":[{"href":"https:\/\/www.keramika.com\/slovenija\/wp-json\/wp\/v2\/media?parent=98942"}],"wp:term":[{"taxonomy":"product_cat","embeddable":true,"href":"https:\/\/www.keramika.com\/slovenija\/wp-json\/wp\/v2\/product_cat?post=98942"},{"taxonomy":"product_tag","embeddable":true,"href":"https:\/\/www.keramika.com\/slovenija\/wp-json\/wp\/v2\/product_tag?post=98942"}],"curies":[{"name":"wp","href":"https:\/\/api.w.org\/{rel}","templated":true}]}}