{"id":98940,"date":"2017-03-22T22:13:10","date_gmt":"2017-03-22T22:13:10","guid":{"rendered":"http:\/\/keramika.holest.com\/slovenija\/product\/keramika-aparici-active-beige\/"},"modified":"2017-03-22T22:13:10","modified_gmt":"2017-03-22T22:13:10","slug":"keramika-aparici-active-beige","status":"publish","type":"product","link":"https:\/\/www.keramika.com\/slovenija\/keramika-aparici-active-beige\/","title":{"rendered":"Keramika Aparici Active Beige"},"content":{"rendered":"<p>Keramika v be\u017e barvi popestri vsak prostor. Ceramicas Aparici Active Beige je pripeljana iz \u0160panije in je zelo kvalitetna. Debelina plo\u0161\u010dice je zelo pomembna in 9 mm uvr\u0161\u010da to plo\u0161\u010dico med najkvalitetnej\u0161e. Z 20&#215;59,2 cm je ta plo\u0161\u010dica primerna za razli\u010dne podlage.<\/p>\n<p>Kliknite na ime kolekcije za ogled vseh plo\u0161\u010dic iz te serije: <a class=\"pdfcatal\" href=\"\/\/www.ceramictiles.com\/pdf\/aparici\/catalogue_aparici_active.pdf\" onclick=\"recordOutboundLink(this, 'E-mail', 'Description PDF');return false;\">Aparici Active<\/a><\/p>\n<p>\u010ce \u017eelite naro\u010diti model iz pdf kataloga te kolekcije, nam pi\u0161ite na: <a href=\"mailto:keramoteka.salon@gmail.com\" onclick=\"recordOutboundLink(this, 'E-mail', 'Description mail');return false;\">keramoteka.salon@gmail.com<\/a> ali pa nas pokli\u010dite na: +386 31 255 900.<\/p>\n<p>Technical description: <br \/>  W 20&#215;59,2 <br \/>Active Gris ; Active Negro ; Active Beige ;<\/p>\n","protected":false},"excerpt":{"rendered":"<p>Keramika v be\u017e barvi popestri vsak prostor. Ceramicas Aparici Active Beige je pripeljana iz \u0160panije in je zelo kvalitetna. Debelina plo\u0161\u010dice je zelo pomembna in 9 mm uvr\u0161\u010da to plo\u0161\u010dico med najkvalitetnej\u0161e. Z 20&#215;59,2 cm je ta plo\u0161\u010dica primerna za razli\u010dne podlage. Kliknite na ime kolekcije za ogled vseh plo\u0161\u010dic iz te serije: Aparici Active [&hellip;]<\/p>\n","protected":false},"featured_media":98941,"template":"","meta":[],"product_cat":[999773,200,220,999,250,240],"product_tag":[],"_links":{"self":[{"href":"https:\/\/www.keramika.com\/slovenija\/wp-json\/wp\/v2\/product\/98940"}],"collection":[{"href":"https:\/\/www.keramika.com\/slovenija\/wp-json\/wp\/v2\/product"}],"about":[{"href":"https:\/\/www.keramika.com\/slovenija\/wp-json\/wp\/v2\/types\/product"}],"wp:featuredmedia":[{"embeddable":true,"href":"https:\/\/www.keramika.com\/slovenija\/wp-json\/wp\/v2\/media\/98941"}],"wp:attachment":[{"href":"https:\/\/www.keramika.com\/slovenija\/wp-json\/wp\/v2\/media?parent=98940"}],"wp:term":[{"taxonomy":"product_cat","embeddable":true,"href":"https:\/\/www.keramika.com\/slovenija\/wp-json\/wp\/v2\/product_cat?post=98940"},{"taxonomy":"product_tag","embeddable":true,"href":"https:\/\/www.keramika.com\/slovenija\/wp-json\/wp\/v2\/product_tag?post=98940"}],"curies":[{"name":"wp","href":"https:\/\/api.w.org\/{rel}","templated":true}]}}