{"id":98928,"date":"2017-03-22T22:13:01","date_gmt":"2017-03-22T22:13:01","guid":{"rendered":"http:\/\/keramika.holest.com\/slovenija\/product\/vega-vision\/"},"modified":"2025-12-31T00:02:35","modified_gmt":"2025-12-31T00:02:35","slug":"vega-vision","status":"publish","type":"product","link":"https:\/\/www.keramika.com\/slovenija\/vega-vision\/","title":{"rendered":"Vega vision"},"content":{"rendered":"<p>Keramika v rjavi barvi popestri vsak prostor. Z velikostjo 33&#215;33 cm je ta plo\u0161\u010dica primerna ze razli\u010dne povr\u0161ine. 11 mm je debelina, ki zadovolji tudi zahtevnej\u0161e kupce. Redna cena te plo\u0161\u010dice v maloprodaji zna\u0161a 3,66 EUR, v na\u0161i spletni trgovini pa jo lahko dobite \u017ee za 2,92 EUR. To plo\u0161\u010dico je izdelal proizvajalec Exagres, ki prihaja iz \u0160panije.<\/p>\n<p>Technical description: <a class=\"pdfcatal\" onclick=\"recordOutboundLink(this, 'E-mail', 'Description PDF');return false;\" href=\"\/\/www.ceramictiles.com\/pdf\/exagres\/catalogue_exagres_vega.pdf\"> Catalogue Exagres Vega <\/a><br \/><a class=\"pdfcatal\" onclick=\"recordOutboundLink(this, 'E-mail', 'Description PDF');return false;\" href=\"\/\/www.ceramictiles.com\/pdf\/exagres\/clinker_special_pieces.pdf\">Clinker special pieces<\/a><br \/><a class=\"pdfcatal\" onclick=\"recordOutboundLink(this, 'E-mail', 'Description PDF');return false;\" href=\"\/\/www.ceramictiles.com\/pdf\/exagres\/clinker_technical_characteristics .pdf\">Clinker technical characteristics<\/a><br \/><a class=\"pdfcatal\" onclick=\"recordOutboundLink(this, 'E-mail', 'Description PDF');return false;\" href=\"\/\/www.ceramictiles.com\/pdf\/exagres\/clinker_packing_list.pdf \">Clinker packing list<\/a><br \/><a class=\"pdfcatal\" href=\"\/\/www.ceramictiles.com\/pdf\/e-ceramica\/clinker_catalogue.pdf\"> Klinker catalogue <\/a><\/p>\n","protected":false},"excerpt":{"rendered":"<p>Keramika v rjavi barvi popestri vsak prostor. Z velikostjo 33&#215;33 cm je ta plo\u0161\u010dica primerna ze razli\u010dne povr\u0161ine. 11 mm je debelina, ki zadovolji tudi zahtevnej\u0161e kupce. Redna cena te plo\u0161\u010dice v maloprodaji zna\u0161a 3,66 EUR, v na\u0161i spletni trgovini pa jo lahko dobite \u017ee za 2,92 EUR. To plo\u0161\u010dico je izdelal proizvajalec Exagres, ki [&hellip;]<\/p>\n","protected":false},"featured_media":98929,"template":"","meta":[],"product_cat":[99928,100,120,999],"product_tag":[],"_links":{"self":[{"href":"https:\/\/www.keramika.com\/slovenija\/wp-json\/wp\/v2\/product\/98928"}],"collection":[{"href":"https:\/\/www.keramika.com\/slovenija\/wp-json\/wp\/v2\/product"}],"about":[{"href":"https:\/\/www.keramika.com\/slovenija\/wp-json\/wp\/v2\/types\/product"}],"wp:featuredmedia":[{"embeddable":true,"href":"https:\/\/www.keramika.com\/slovenija\/wp-json\/wp\/v2\/media\/98929"}],"wp:attachment":[{"href":"https:\/\/www.keramika.com\/slovenija\/wp-json\/wp\/v2\/media?parent=98928"}],"wp:term":[{"taxonomy":"product_cat","embeddable":true,"href":"https:\/\/www.keramika.com\/slovenija\/wp-json\/wp\/v2\/product_cat?post=98928"},{"taxonomy":"product_tag","embeddable":true,"href":"https:\/\/www.keramika.com\/slovenija\/wp-json\/wp\/v2\/product_tag?post=98928"}],"curies":[{"name":"wp","href":"https:\/\/api.w.org\/{rel}","templated":true}]}}