{"id":98924,"date":"2017-03-22T22:12:59","date_gmt":"2017-03-22T22:12:59","guid":{"rendered":"http:\/\/keramika.holest.com\/slovenija\/product\/taiga-pino\/"},"modified":"2025-12-31T00:02:34","modified_gmt":"2025-12-31T00:02:34","slug":"taiga-pino","status":"publish","type":"product","link":"https:\/\/www.keramika.com\/slovenija\/taiga-pino\/","title":{"rendered":"Taiga pino"},"content":{"rendered":"<p>Velikost te plo\u0161\u010dice je 33&#215;33 cm in je primerna za razli\u010dne povr\u0161ine. 11 mm je debelina, ki zadovolji tudi zahtevnej\u0161e kupce. Ta model plo\u0161\u010dice se najbolje prodaja v rjavi barvi. 9 EUR v klasi\u010dni trgovini, pri nas pa le 7,2 EUR. Taiga pino je plo\u0161\u010dica proizvajalca Exagres in prihaja iz \u0160panije.<\/p>\n<p>Technical description: <a class=\"pdfcatal\" onclick=\"recordOutboundLink(this, 'E-mail', 'Description PDF');return false;\" href=\"\/\/www.ceramictiles.com\/pdf\/exagres\/catalogue_exagres_taiga.pdf\"> Catalogue Exagres Taiga <\/a><br \/><a class=\"pdfcatal\" onclick=\"recordOutboundLink(this, 'E-mail', 'Description PDF');return false;\" href=\"\/\/www.ceramictiles.com\/pdf\/exagres\/clinker_special_pieces.pdf\">Clinker special pieces<\/a><br \/><a class=\"pdfcatal\" onclick=\"recordOutboundLink(this, 'E-mail', 'Description PDF');return false;\" href=\"\/\/www.ceramictiles.com\/pdf\/exagres\/clinker_technical_characteristics .pdf\">Clinker technical characteristics<\/a><br \/><a class=\"pdfcatal\" onclick=\"recordOutboundLink(this, 'E-mail', 'Description PDF');return false;\" href=\"\/\/www.ceramictiles.com\/pdf\/exagres\/clinker_packing_list.pdf \">Clinker packing list<\/a><br \/><a class=\"pdfcatal\" href=\"\/\/www.ceramictiles.com\/pdf\/e-ceramica\/clinker_catalogue.pdf\"> Klinker catalogue <\/a><\/p>\n","protected":false},"excerpt":{"rendered":"<p>Velikost te plo\u0161\u010dice je 33&#215;33 cm in je primerna za razli\u010dne povr\u0161ine. 11 mm je debelina, ki zadovolji tudi zahtevnej\u0161e kupce. Ta model plo\u0161\u010dice se najbolje prodaja v rjavi barvi. 9 EUR v klasi\u010dni trgovini, pri nas pa le 7,2 EUR. Taiga pino je plo\u0161\u010dica proizvajalca Exagres in prihaja iz \u0160panije. Technical description: Catalogue Exagres [&hellip;]<\/p>\n","protected":false},"featured_media":98925,"template":"","meta":[],"product_cat":[99928,100,120,999],"product_tag":[],"_links":{"self":[{"href":"https:\/\/www.keramika.com\/slovenija\/wp-json\/wp\/v2\/product\/98924"}],"collection":[{"href":"https:\/\/www.keramika.com\/slovenija\/wp-json\/wp\/v2\/product"}],"about":[{"href":"https:\/\/www.keramika.com\/slovenija\/wp-json\/wp\/v2\/types\/product"}],"wp:featuredmedia":[{"embeddable":true,"href":"https:\/\/www.keramika.com\/slovenija\/wp-json\/wp\/v2\/media\/98925"}],"wp:attachment":[{"href":"https:\/\/www.keramika.com\/slovenija\/wp-json\/wp\/v2\/media?parent=98924"}],"wp:term":[{"taxonomy":"product_cat","embeddable":true,"href":"https:\/\/www.keramika.com\/slovenija\/wp-json\/wp\/v2\/product_cat?post=98924"},{"taxonomy":"product_tag","embeddable":true,"href":"https:\/\/www.keramika.com\/slovenija\/wp-json\/wp\/v2\/product_tag?post=98924"}],"curies":[{"name":"wp","href":"https:\/\/api.w.org\/{rel}","templated":true}]}}