{"id":98920,"date":"2017-03-22T22:12:58","date_gmt":"2017-03-22T22:12:58","guid":{"rendered":"http:\/\/keramika.holest.com\/slovenija\/product\/taiga-cerezo\/"},"modified":"2025-12-31T00:02:34","modified_gmt":"2025-12-31T00:02:34","slug":"taiga-cerezo","status":"publish","type":"product","link":"https:\/\/www.keramika.com\/slovenija\/taiga-cerezo\/","title":{"rendered":"Taiga cerezo"},"content":{"rendered":"<p>Namesto 9 EUR kot bi za to plo\u0161\u010dico od\u0161teli v klasi\u010dni trgovini, boste v na\u0161i spletni prodajalni od\u0161teli le 7,2 EUR. Letos so plo\u0161\u010dice v rjavi barvi zelo za\u017eeljene. Dimenzije te plo\u0161\u010dice so 33&#215;33 cm. Debelina kar 11 mm dela to plo\u0161\u010dico zelo trpe\u017eno in presti\u017eno na otip. Taiga cerezo je pripeljana iz \u0160panije in je zelo kvalitetna.<\/p>\n<p>Technical description: <a class=\"pdfcatal\" onclick=\"recordOutboundLink(this, 'E-mail', 'Description PDF');return false;\" href=\"\/\/www.ceramictiles.com\/pdf\/exagres\/catalogue_exagres_taiga.pdf\"> Catalogue Exagres Taiga <\/a><br \/><a class=\"pdfcatal\" onclick=\"recordOutboundLink(this, 'E-mail', 'Description PDF');return false;\" href=\"\/\/www.ceramictiles.com\/pdf\/exagres\/clinker_special_pieces.pdf\">Clinker special pieces<\/a><br \/><a class=\"pdfcatal\" onclick=\"recordOutboundLink(this, 'E-mail', 'Description PDF');return false;\" href=\"\/\/www.ceramictiles.com\/pdf\/exagres\/clinker_technical_characteristics .pdf\">Clinker technical characteristics<\/a><br \/><a class=\"pdfcatal\" onclick=\"recordOutboundLink(this, 'E-mail', 'Description PDF');return false;\" href=\"\/\/www.ceramictiles.com\/pdf\/exagres\/clinker_packing_list.pdf \">Clinker packing list<\/a><br \/><a class=\"pdfcatal\" href=\"\/\/www.ceramictiles.com\/pdf\/e-ceramica\/clinker_catalogue.pdf\"> Klinker catalogue <\/a><\/p>\n","protected":false},"excerpt":{"rendered":"<p>Namesto 9 EUR kot bi za to plo\u0161\u010dico od\u0161teli v klasi\u010dni trgovini, boste v na\u0161i spletni prodajalni od\u0161teli le 7,2 EUR. Letos so plo\u0161\u010dice v rjavi barvi zelo za\u017eeljene. Dimenzije te plo\u0161\u010dice so 33&#215;33 cm. Debelina kar 11 mm dela to plo\u0161\u010dico zelo trpe\u017eno in presti\u017eno na otip. Taiga cerezo je pripeljana iz \u0160panije in [&hellip;]<\/p>\n","protected":false},"featured_media":98921,"template":"","meta":[],"product_cat":[99928,100,120,999],"product_tag":[],"_links":{"self":[{"href":"https:\/\/www.keramika.com\/slovenija\/wp-json\/wp\/v2\/product\/98920"}],"collection":[{"href":"https:\/\/www.keramika.com\/slovenija\/wp-json\/wp\/v2\/product"}],"about":[{"href":"https:\/\/www.keramika.com\/slovenija\/wp-json\/wp\/v2\/types\/product"}],"wp:featuredmedia":[{"embeddable":true,"href":"https:\/\/www.keramika.com\/slovenija\/wp-json\/wp\/v2\/media\/98921"}],"wp:attachment":[{"href":"https:\/\/www.keramika.com\/slovenija\/wp-json\/wp\/v2\/media?parent=98920"}],"wp:term":[{"taxonomy":"product_cat","embeddable":true,"href":"https:\/\/www.keramika.com\/slovenija\/wp-json\/wp\/v2\/product_cat?post=98920"},{"taxonomy":"product_tag","embeddable":true,"href":"https:\/\/www.keramika.com\/slovenija\/wp-json\/wp\/v2\/product_tag?post=98920"}],"curies":[{"name":"wp","href":"https:\/\/api.w.org\/{rel}","templated":true}]}}