{"id":98918,"date":"2017-03-22T22:12:57","date_gmt":"2017-03-22T22:12:57","guid":{"rendered":"http:\/\/keramika.holest.com\/slovenija\/product\/taiga-abedul\/"},"modified":"2025-12-31T00:02:34","modified_gmt":"2025-12-31T00:02:34","slug":"taiga-abedul","status":"publish","type":"product","link":"https:\/\/www.keramika.com\/slovenija\/taiga-abedul\/","title":{"rendered":"Taiga abedul"},"content":{"rendered":"<p>9 EUR v klasi\u010dni trgovini, pri nas pa le 7,2 EUR. Plo\u0161\u010dica na sliki je velika 33&#215;33 cm. Debelina kar 11 mm dela to plo\u0161\u010dico zelo trpe\u017eno in presti\u017eno na otip. Taiga abedul je pripeljana iz \u0160panije in je zelo kvalitetna. Zelo moderna plo\u0161\u010dica v be\u017e barvi popestri prav vsak prostor.<\/p>\n<p>Technical description: <a class=\"pdfcatal\" onclick=\"recordOutboundLink(this, 'E-mail', 'Description PDF');return false;\" href=\"\/\/www.ceramictiles.com\/pdf\/exagres\/catalogue_exagres_taiga.pdf\"> Catalogue Exagres Taiga <\/a><br \/><a class=\"pdfcatal\" onclick=\"recordOutboundLink(this, 'E-mail', 'Description PDF');return false;\" href=\"\/\/www.ceramictiles.com\/pdf\/exagres\/clinker_special_pieces.pdf\">Clinker special pieces<\/a><br \/><a class=\"pdfcatal\" onclick=\"recordOutboundLink(this, 'E-mail', 'Description PDF');return false;\" href=\"\/\/www.ceramictiles.com\/pdf\/exagres\/clinker_technical_characteristics .pdf\">Clinker technical characteristics<\/a><br \/><a class=\"pdfcatal\" onclick=\"recordOutboundLink(this, 'E-mail', 'Description PDF');return false;\" href=\"\/\/www.ceramictiles.com\/pdf\/exagres\/clinker_packing_list.pdf \">Clinker packing list<\/a><br \/><a class=\"pdfcatal\" href=\"\/\/www.ceramictiles.com\/pdf\/e-ceramica\/clinker_catalogue.pdf\"> Klinker catalogue <\/a><\/p>\n","protected":false},"excerpt":{"rendered":"<p>9 EUR v klasi\u010dni trgovini, pri nas pa le 7,2 EUR. Plo\u0161\u010dica na sliki je velika 33&#215;33 cm. Debelina kar 11 mm dela to plo\u0161\u010dico zelo trpe\u017eno in presti\u017eno na otip. Taiga abedul je pripeljana iz \u0160panije in je zelo kvalitetna. Zelo moderna plo\u0161\u010dica v be\u017e barvi popestri prav vsak prostor. Technical description: Catalogue Exagres [&hellip;]<\/p>\n","protected":false},"featured_media":98919,"template":"","meta":[],"product_cat":[99928,100,120,999],"product_tag":[],"_links":{"self":[{"href":"https:\/\/www.keramika.com\/slovenija\/wp-json\/wp\/v2\/product\/98918"}],"collection":[{"href":"https:\/\/www.keramika.com\/slovenija\/wp-json\/wp\/v2\/product"}],"about":[{"href":"https:\/\/www.keramika.com\/slovenija\/wp-json\/wp\/v2\/types\/product"}],"wp:featuredmedia":[{"embeddable":true,"href":"https:\/\/www.keramika.com\/slovenija\/wp-json\/wp\/v2\/media\/98919"}],"wp:attachment":[{"href":"https:\/\/www.keramika.com\/slovenija\/wp-json\/wp\/v2\/media?parent=98918"}],"wp:term":[{"taxonomy":"product_cat","embeddable":true,"href":"https:\/\/www.keramika.com\/slovenija\/wp-json\/wp\/v2\/product_cat?post=98918"},{"taxonomy":"product_tag","embeddable":true,"href":"https:\/\/www.keramika.com\/slovenija\/wp-json\/wp\/v2\/product_tag?post=98918"}],"curies":[{"name":"wp","href":"https:\/\/api.w.org\/{rel}","templated":true}]}}