{"id":98914,"date":"2017-03-22T22:12:55","date_gmt":"2017-03-22T22:12:55","guid":{"rendered":"http:\/\/keramika.holest.com\/slovenija\/product\/mediterraneo-lavanda\/"},"modified":"2025-12-31T00:02:33","modified_gmt":"2025-12-31T00:02:33","slug":"mediterraneo-lavanda","status":"publish","type":"product","link":"https:\/\/www.keramika.com\/slovenija\/mediterraneo-lavanda\/","title":{"rendered":"Mediterraneo lavanda"},"content":{"rendered":"<p>Dimenzije te plo\u0161\u010dice so 33&#215;66,5 cm. 8,56 EUR v klasi\u010dni trgovini, pri nas pa le 6,85 EUR. Mediterraneo lavanda je pripeljana iz \u0160panije in je zelo kvalitetna. Letos so plo\u0161\u010dice v rjavi barvi zelo za\u017eeljene. 11 mm je debelina, ki zadovolji tudi zahtevnej\u0161e kupce.<\/p>\n<p>Technical description: <a class=\"pdfcatal\" onclick=\"recordOutboundLink(this, 'E-mail', 'Description PDF');return false;\" href=\"\/\/www.ceramictiles.com\/pdf\/exagres\/catalogue_exagres_mediterraneo.pdf\"> Catalogue Exagres Mediterraneo <\/a><br \/><a class=\"pdfcatal\" onclick=\"recordOutboundLink(this, 'E-mail', 'Description PDF');return false;\" href=\"\/\/www.ceramictiles.com\/pdf\/exagres\/clinker_special_pieces.pdf\">Clinker special pieces<\/a><br \/><a class=\"pdfcatal\" onclick=\"recordOutboundLink(this, 'E-mail', 'Description PDF');return false;\" href=\"\/\/www.ceramictiles.com\/pdf\/exagres\/clinker_technical_characteristics .pdf\">Clinker technical characteristics<\/a><br \/><a class=\"pdfcatal\" onclick=\"recordOutboundLink(this, 'E-mail', 'Description PDF');return false;\" href=\"\/\/www.ceramictiles.com\/pdf\/exagres\/clinker_packing_list.pdf \">Clinker packing list<\/a><br \/><a class=\"pdfcatal\" href=\"\/\/www.ceramictiles.com\/pdf\/e-ceramica\/clinker_catalogue.pdf\"> Klinker catalogue <\/a><\/p>\n","protected":false},"excerpt":{"rendered":"<p>Dimenzije te plo\u0161\u010dice so 33&#215;66,5 cm. 8,56 EUR v klasi\u010dni trgovini, pri nas pa le 6,85 EUR. Mediterraneo lavanda je pripeljana iz \u0160panije in je zelo kvalitetna. Letos so plo\u0161\u010dice v rjavi barvi zelo za\u017eeljene. 11 mm je debelina, ki zadovolji tudi zahtevnej\u0161e kupce. Technical description: Catalogue Exagres Mediterraneo Clinker special piecesClinker technical characteristicsClinker packing [&hellip;]<\/p>\n","protected":false},"featured_media":98915,"template":"","meta":[],"product_cat":[99928,100,120,999],"product_tag":[],"_links":{"self":[{"href":"https:\/\/www.keramika.com\/slovenija\/wp-json\/wp\/v2\/product\/98914"}],"collection":[{"href":"https:\/\/www.keramika.com\/slovenija\/wp-json\/wp\/v2\/product"}],"about":[{"href":"https:\/\/www.keramika.com\/slovenija\/wp-json\/wp\/v2\/types\/product"}],"wp:featuredmedia":[{"embeddable":true,"href":"https:\/\/www.keramika.com\/slovenija\/wp-json\/wp\/v2\/media\/98915"}],"wp:attachment":[{"href":"https:\/\/www.keramika.com\/slovenija\/wp-json\/wp\/v2\/media?parent=98914"}],"wp:term":[{"taxonomy":"product_cat","embeddable":true,"href":"https:\/\/www.keramika.com\/slovenija\/wp-json\/wp\/v2\/product_cat?post=98914"},{"taxonomy":"product_tag","embeddable":true,"href":"https:\/\/www.keramika.com\/slovenija\/wp-json\/wp\/v2\/product_tag?post=98914"}],"curies":[{"name":"wp","href":"https:\/\/api.w.org\/{rel}","templated":true}]}}