{"id":98912,"date":"2017-03-22T22:12:54","date_gmt":"2017-03-22T22:12:54","guid":{"rendered":"http:\/\/keramika.holest.com\/slovenija\/product\/mediterraneo-grafito\/"},"modified":"2025-12-31T00:02:33","modified_gmt":"2025-12-31T00:02:33","slug":"mediterraneo-grafito","status":"publish","type":"product","link":"https:\/\/www.keramika.com\/slovenija\/mediterraneo-grafito\/","title":{"rendered":"Mediterraneo grafito"},"content":{"rendered":"<p>Ta plo\u0161\u010dica je debela 11 mm in je zelo trpe\u017ena. Mediterraneo grafito je plo\u0161\u010dica proizvajalca Exagres in prihaja iz \u0160panije. Ta kerami\u010dna plo\u0161\u010dica v \u010dudoviti \u010drni barvi bo obogatila vsak prostor. Dimenzije te plo\u0161\u010dice so 33&#215;66,5 cm. Mediterraneo grafito je na voljo po zelo ugodni ceni 6,85 EUR.<\/p>\n<p>Technical description: <a class=\"pdfcatal\" onclick=\"recordOutboundLink(this, 'E-mail', 'Description PDF');return false;\" href=\"\/\/www.ceramictiles.com\/pdf\/exagres\/catalogue_exagres_mediterraneo.pdf\"> Catalogue Exagres Mediterraneo <\/a><br \/><a class=\"pdfcatal\" onclick=\"recordOutboundLink(this, 'E-mail', 'Description PDF');return false;\" href=\"\/\/www.ceramictiles.com\/pdf\/exagres\/clinker_special_pieces.pdf\">Clinker special pieces<\/a><br \/><a class=\"pdfcatal\" onclick=\"recordOutboundLink(this, 'E-mail', 'Description PDF');return false;\" href=\"\/\/www.ceramictiles.com\/pdf\/exagres\/clinker_technical_characteristics .pdf\">Clinker technical characteristics<\/a><br \/><a class=\"pdfcatal\" onclick=\"recordOutboundLink(this, 'E-mail', 'Description PDF');return false;\" href=\"\/\/www.ceramictiles.com\/pdf\/exagres\/clinker_packing_list.pdf \">Clinker packing list<\/a><br \/><a class=\"pdfcatal\" href=\"\/\/www.ceramictiles.com\/pdf\/e-ceramica\/clinker_catalogue.pdf\"> Klinker catalogue <\/a><\/p>\n","protected":false},"excerpt":{"rendered":"<p>Ta plo\u0161\u010dica je debela 11 mm in je zelo trpe\u017ena. Mediterraneo grafito je plo\u0161\u010dica proizvajalca Exagres in prihaja iz \u0160panije. Ta kerami\u010dna plo\u0161\u010dica v \u010dudoviti \u010drni barvi bo obogatila vsak prostor. Dimenzije te plo\u0161\u010dice so 33&#215;66,5 cm. Mediterraneo grafito je na voljo po zelo ugodni ceni 6,85 EUR. Technical description: Catalogue Exagres Mediterraneo Clinker special [&hellip;]<\/p>\n","protected":false},"featured_media":98913,"template":"","meta":[],"product_cat":[99928,100,120,999],"product_tag":[],"_links":{"self":[{"href":"https:\/\/www.keramika.com\/slovenija\/wp-json\/wp\/v2\/product\/98912"}],"collection":[{"href":"https:\/\/www.keramika.com\/slovenija\/wp-json\/wp\/v2\/product"}],"about":[{"href":"https:\/\/www.keramika.com\/slovenija\/wp-json\/wp\/v2\/types\/product"}],"wp:featuredmedia":[{"embeddable":true,"href":"https:\/\/www.keramika.com\/slovenija\/wp-json\/wp\/v2\/media\/98913"}],"wp:attachment":[{"href":"https:\/\/www.keramika.com\/slovenija\/wp-json\/wp\/v2\/media?parent=98912"}],"wp:term":[{"taxonomy":"product_cat","embeddable":true,"href":"https:\/\/www.keramika.com\/slovenija\/wp-json\/wp\/v2\/product_cat?post=98912"},{"taxonomy":"product_tag","embeddable":true,"href":"https:\/\/www.keramika.com\/slovenija\/wp-json\/wp\/v2\/product_tag?post=98912"}],"curies":[{"name":"wp","href":"https:\/\/api.w.org\/{rel}","templated":true}]}}