{"id":98910,"date":"2017-03-22T22:12:52","date_gmt":"2017-03-22T22:12:52","guid":{"rendered":"http:\/\/keramika.holest.com\/slovenija\/product\/italica-fenice\/"},"modified":"2025-12-31T00:02:33","modified_gmt":"2025-12-31T00:02:33","slug":"italica-fenice","status":"publish","type":"product","link":"https:\/\/www.keramika.com\/slovenija\/italica-fenice\/","title":{"rendered":"Italica fenice"},"content":{"rendered":"<p>Ta plo\u0161\u010dica prihaja iz \u0160panije, ki je znana po kvalitetni keramiki. 11 mm debeline je dovolj tudi za zahtevnej\u0161e kupce. Letos so plo\u0161\u010dice v rjavi barvi zelo za\u017eeljene. \u0160irina in dol\u017eina te plo\u0161\u010dice sta 33&#215;33 cm. Italica fenice je na voljo po zelo ugodni ceni 2,92 EUR.<\/p>\n<p>Technical description: <a class=\"pdfcatal\" onclick=\"recordOutboundLink(this, 'E-mail', 'Description PDF');return false;\" href=\"\/\/www.ceramictiles.com\/pdf\/exagres\/catalogue_exagres_italica.pdf\"> Catalogue Exagres Italica <\/a><br \/><a class=\"pdfcatal\" onclick=\"recordOutboundLink(this, 'E-mail', 'Description PDF');return false;\" href=\"\/\/www.ceramictiles.com\/pdf\/exagres\/clinker_special_pieces.pdf\">Clinker special pieces<\/a><br \/><a class=\"pdfcatal\" onclick=\"recordOutboundLink(this, 'E-mail', 'Description PDF');return false;\" href=\"\/\/www.ceramictiles.com\/pdf\/exagres\/clinker_technical_characteristics .pdf\">Clinker technical characteristics<\/a><br \/><a class=\"pdfcatal\" onclick=\"recordOutboundLink(this, 'E-mail', 'Description PDF');return false;\" href=\"\/\/www.ceramictiles.com\/pdf\/exagres\/clinker_packing_list.pdf \">Clinker packing list<\/a><br \/><a class=\"pdfcatal\" href=\"\/\/www.ceramictiles.com\/pdf\/e-ceramica\/clinker_catalogue.pdf\"> Klinker catalogue <\/a><\/p>\n","protected":false},"excerpt":{"rendered":"<p>Ta plo\u0161\u010dica prihaja iz \u0160panije, ki je znana po kvalitetni keramiki. 11 mm debeline je dovolj tudi za zahtevnej\u0161e kupce. Letos so plo\u0161\u010dice v rjavi barvi zelo za\u017eeljene. \u0160irina in dol\u017eina te plo\u0161\u010dice sta 33&#215;33 cm. Italica fenice je na voljo po zelo ugodni ceni 2,92 EUR. Technical description: Catalogue Exagres Italica Clinker special piecesClinker [&hellip;]<\/p>\n","protected":false},"featured_media":98911,"template":"","meta":[],"product_cat":[99928,100,120,999],"product_tag":[],"_links":{"self":[{"href":"https:\/\/www.keramika.com\/slovenija\/wp-json\/wp\/v2\/product\/98910"}],"collection":[{"href":"https:\/\/www.keramika.com\/slovenija\/wp-json\/wp\/v2\/product"}],"about":[{"href":"https:\/\/www.keramika.com\/slovenija\/wp-json\/wp\/v2\/types\/product"}],"wp:featuredmedia":[{"embeddable":true,"href":"https:\/\/www.keramika.com\/slovenija\/wp-json\/wp\/v2\/media\/98911"}],"wp:attachment":[{"href":"https:\/\/www.keramika.com\/slovenija\/wp-json\/wp\/v2\/media?parent=98910"}],"wp:term":[{"taxonomy":"product_cat","embeddable":true,"href":"https:\/\/www.keramika.com\/slovenija\/wp-json\/wp\/v2\/product_cat?post=98910"},{"taxonomy":"product_tag","embeddable":true,"href":"https:\/\/www.keramika.com\/slovenija\/wp-json\/wp\/v2\/product_tag?post=98910"}],"curies":[{"name":"wp","href":"https:\/\/api.w.org\/{rel}","templated":true}]}}