{"id":98878,"date":"2017-08-25T22:12:31","date_gmt":"2017-08-25T22:12:31","guid":{"rendered":"http:\/\/keramika.holest.com\/slovenija\/product\/pisoar\/"},"modified":"2025-12-31T00:02:29","modified_gmt":"2025-12-31T00:02:29","slug":"toaletni-pisoar-inox-13004","status":"publish","type":"product","link":"https:\/\/www.keramika.com\/slovenija\/toaletni-pisoar-inox-13004\/","title":{"rendered":"Toaletni pisoar inox 13004"},"content":{"rendered":"<p>13004.B Urinal<br \/><a class=\"\"pdfcatal\" href=\"\/\/www.ceramictiles.com\/pdf\/e-ceramica\/inox_sanitary_ware.pdf\">Inox sanitarna oprema \u2013 katalog in cene<\/a><br \/>\nStensko obe\u0161eno s horizontalnim iztokom P<br \/>\nMaterial: AISI 304 Iz nerjave\u010dega jekla<br \/>\nDebelina plo\u0161\u010de 1,5 mm (pisoar), 1,2 mm (stranska plo\u0161\u010da).<br \/>\nPolrano<br \/>\nDimenzije: 696 vi\u0161ina x 366 \u0161irina x 336 globina (mm).<br \/>\nVhod za vodo \u00bd &#8220;, iztok vode 2&#8221;<\/p>\n","protected":false},"excerpt":{"rendered":"<p>Pisoar iz nerjave\u010dega jekla AISI 304, stenski.<br \/>\nPrimeren za prikrit iztok vode.<\/p>\n","protected":false},"featured_media":98879,"template":"","meta":[],"product_cat":[99,500,99921413,999,510,511,512],"product_tag":[],"_links":{"self":[{"href":"https:\/\/www.keramika.com\/slovenija\/wp-json\/wp\/v2\/product\/98878"}],"collection":[{"href":"https:\/\/www.keramika.com\/slovenija\/wp-json\/wp\/v2\/product"}],"about":[{"href":"https:\/\/www.keramika.com\/slovenija\/wp-json\/wp\/v2\/types\/product"}],"wp:featuredmedia":[{"embeddable":true,"href":"https:\/\/www.keramika.com\/slovenija\/wp-json\/wp\/v2\/media\/98879"}],"wp:attachment":[{"href":"https:\/\/www.keramika.com\/slovenija\/wp-json\/wp\/v2\/media?parent=98878"}],"wp:term":[{"taxonomy":"product_cat","embeddable":true,"href":"https:\/\/www.keramika.com\/slovenija\/wp-json\/wp\/v2\/product_cat?post=98878"},{"taxonomy":"product_tag","embeddable":true,"href":"https:\/\/www.keramika.com\/slovenija\/wp-json\/wp\/v2\/product_tag?post=98878"}],"curies":[{"name":"wp","href":"https:\/\/api.w.org\/{rel}","templated":true}]}}