{"id":98850,"date":"2017-08-22T22:12:14","date_gmt":"2017-08-22T22:12:14","guid":{"rendered":"http:\/\/keramika.holest.com\/slovenija\/product\/turska-wc-skoljka-iz-nerjavecega-jekla\/"},"modified":"2025-12-31T00:02:25","modified_gmt":"2025-12-31T00:02:25","slug":"turska-wc-skoljka-iz-nerjavecega-jekla","status":"publish","type":"product","link":"https:\/\/www.keramika.com\/slovenija\/turska-wc-skoljka-iz-nerjavecega-jekla\/","title":{"rendered":"Tur\u0161ka WC \u0161koljka iz nerjave\u010dega jekla"},"content":{"rendered":"<p>13028 Po\u010depni WC iz nerjave\u010dega jekla<br \/><a class=\"\"pdfcatal\" href=\"\/\/www.ceramictiles.com\/pdf\/e-ceramica\/inox_sanitary_ware.pdf\">Inox sanitarna oprema \u2013 katalog in cene<\/a><br \/>\nTEHNI\u010cNI PODATKI<br \/>\n\u00b7 Iz poliranega jekla iz nerjave\u010dega jekla AISI 304 debeline 1 mm.<br \/>\n\u00b7 Dimenzije: 595 x 625 \u0161irina x 208 globina (mm).<br \/>\n\u00b7 Dovod vode 1 &#8220;G.<br \/>\n\u00b7 Izhod \u00d8 100 mm.<br \/>\nNamenjen je ro\u010dnim ali elektri\u010dnim sistemom splakovanja.<\/p>\n","protected":false},"excerpt":{"rendered":"<p>Vandalsko za\u0161\u010ditena posoda, debelina 1 mm.<\/p>\n","protected":false},"featured_media":98851,"template":"","meta":[],"product_cat":[99,500,99921413,999,510,511,512],"product_tag":[],"_links":{"self":[{"href":"https:\/\/www.keramika.com\/slovenija\/wp-json\/wp\/v2\/product\/98850"}],"collection":[{"href":"https:\/\/www.keramika.com\/slovenija\/wp-json\/wp\/v2\/product"}],"about":[{"href":"https:\/\/www.keramika.com\/slovenija\/wp-json\/wp\/v2\/types\/product"}],"wp:featuredmedia":[{"embeddable":true,"href":"https:\/\/www.keramika.com\/slovenija\/wp-json\/wp\/v2\/media\/98851"}],"wp:attachment":[{"href":"https:\/\/www.keramika.com\/slovenija\/wp-json\/wp\/v2\/media?parent=98850"}],"wp:term":[{"taxonomy":"product_cat","embeddable":true,"href":"https:\/\/www.keramika.com\/slovenija\/wp-json\/wp\/v2\/product_cat?post=98850"},{"taxonomy":"product_tag","embeddable":true,"href":"https:\/\/www.keramika.com\/slovenija\/wp-json\/wp\/v2\/product_tag?post=98850"}],"curies":[{"name":"wp","href":"https:\/\/api.w.org\/{rel}","templated":true}]}}