{"id":98716,"date":"2017-03-22T22:10:58","date_gmt":"2017-03-22T22:10:58","guid":{"rendered":"http:\/\/keramika.holest.com\/slovenija\/product\/straniscni-dozirnik-mila-za-bolnisnice\/"},"modified":"2025-12-31T00:02:07","modified_gmt":"2025-12-31T00:02:07","slug":"straniscni-dozirnik-mila-za-bolnisnice","status":"publish","type":"product","link":"https:\/\/www.keramika.com\/slovenija\/straniscni-dozirnik-mila-za-bolnisnice\/","title":{"rendered":"Strani\u0161\u010dni dozirnik mila za bolni\u0161nice"},"content":{"rendered":"<p>03013.AL Hospital soap dispenser<br \/><a class=\"\"pdfcatal\" href=\"\/\/www.ceramictiles.com\/pdf\/e-ceramica\/inox_sanitary_ware.pdf\">Inox sanitarna oprema \u2013 katalog in cene<\/a><\/p>\n<p>Technical description: PID-03013.AL <br \/>Dimensions ; 260 X 95 X 185 mm ; Capacity ; 500 ml ; Material ; Aluminium And Polyethilene ;<\/p>\n","protected":false},"excerpt":{"rendered":"<p>03013.AL Hospital soap dispenser<\/p>\n","protected":false},"featured_media":98717,"template":"","meta":[],"product_cat":[99,500,99921413,999,510,511,512],"product_tag":[],"_links":{"self":[{"href":"https:\/\/www.keramika.com\/slovenija\/wp-json\/wp\/v2\/product\/98716"}],"collection":[{"href":"https:\/\/www.keramika.com\/slovenija\/wp-json\/wp\/v2\/product"}],"about":[{"href":"https:\/\/www.keramika.com\/slovenija\/wp-json\/wp\/v2\/types\/product"}],"wp:featuredmedia":[{"embeddable":true,"href":"https:\/\/www.keramika.com\/slovenija\/wp-json\/wp\/v2\/media\/98717"}],"wp:attachment":[{"href":"https:\/\/www.keramika.com\/slovenija\/wp-json\/wp\/v2\/media?parent=98716"}],"wp:term":[{"taxonomy":"product_cat","embeddable":true,"href":"https:\/\/www.keramika.com\/slovenija\/wp-json\/wp\/v2\/product_cat?post=98716"},{"taxonomy":"product_tag","embeddable":true,"href":"https:\/\/www.keramika.com\/slovenija\/wp-json\/wp\/v2\/product_tag?post=98716"}],"curies":[{"name":"wp","href":"https:\/\/api.w.org\/{rel}","templated":true}]}}