{"id":98592,"date":"2017-03-22T22:09:51","date_gmt":"2017-03-22T22:09:51","guid":{"rendered":"http:\/\/keramika.holest.com\/slovenija\/product\/zlozljivi-sedez-za-tus-aluminij\/"},"modified":"2025-12-31T00:01:52","modified_gmt":"2025-12-31T00:01:52","slug":"zlozljivi-sedez-za-tus-aluminij","status":"publish","type":"product","link":"https:\/\/www.keramika.com\/slovenija\/zlozljivi-sedez-za-tus-aluminij\/","title":{"rendered":"Zlo\u017eljivi sede\u017e za tu\u0161, aluminij"},"content":{"rendered":"<p>15066.S Folding seat stainless steel with padded seat<br \/><a class=\"\"pdfcatal\" href=\"\/\/www.ceramictiles.com\/pdf\/e-ceramica\/inox_sanitary_ware.pdf\">Inox sanitarna oprema \u2013 katalog in cene<\/a><\/p>\n<p>Technical description: PID-15066.S <br \/>Padded Seat With Wall Support ; Material ; Aisi 304 Stainless Steel ; Dimensions ; 425 X 450 X 420 mm ;<\/p>\n","protected":false},"excerpt":{"rendered":"<p>15066.S Folding seat stainless steel with padded seat<\/p>\n","protected":false},"featured_media":98593,"template":"","meta":[],"product_cat":[500,99921413,999,510,511,512],"product_tag":[],"_links":{"self":[{"href":"https:\/\/www.keramika.com\/slovenija\/wp-json\/wp\/v2\/product\/98592"}],"collection":[{"href":"https:\/\/www.keramika.com\/slovenija\/wp-json\/wp\/v2\/product"}],"about":[{"href":"https:\/\/www.keramika.com\/slovenija\/wp-json\/wp\/v2\/types\/product"}],"wp:featuredmedia":[{"embeddable":true,"href":"https:\/\/www.keramika.com\/slovenija\/wp-json\/wp\/v2\/media\/98593"}],"wp:attachment":[{"href":"https:\/\/www.keramika.com\/slovenija\/wp-json\/wp\/v2\/media?parent=98592"}],"wp:term":[{"taxonomy":"product_cat","embeddable":true,"href":"https:\/\/www.keramika.com\/slovenija\/wp-json\/wp\/v2\/product_cat?post=98592"},{"taxonomy":"product_tag","embeddable":true,"href":"https:\/\/www.keramika.com\/slovenija\/wp-json\/wp\/v2\/product_tag?post=98592"}],"curies":[{"name":"wp","href":"https:\/\/api.w.org\/{rel}","templated":true}]}}