{"id":98530,"date":"2017-03-22T22:09:18","date_gmt":"2017-03-22T22:09:18","guid":{"rendered":"http:\/\/keramika.holest.com\/slovenija\/product\/zlozljiv-sedez-za-tus-iz-nerjavecega-jekla-bela-barva\/"},"modified":"2025-12-31T00:01:44","modified_gmt":"2025-12-31T00:01:44","slug":"zlozljiv-sedez-za-tus-iz-nerjavecega-jekla-bela-barva","status":"publish","type":"product","link":"https:\/\/www.keramika.com\/slovenija\/zlozljiv-sedez-za-tus-iz-nerjavecega-jekla-bela-barva\/","title":{"rendered":"Zlo\u017eljiv sede\u017e za tu\u0161 iz nerjave\u010dega jekla, bela barva"},"content":{"rendered":"<p>15045.W Stainless steel seat, floor stand, white finishing<br \/><a class=\"\"pdfcatal\" href=\"\/\/www.ceramictiles.com\/pdf\/e-ceramica\/inox_sanitary_ware.pdf\">Inox sanitarna oprema \u2013 katalog in cene<\/a><\/p>\n<p>Technical description: PID-15045.W <br \/>Folding Shower Seat ; With Floor Support ; Dimensions ; 440 X 450 X 410 mm ;<\/p>\n","protected":false},"excerpt":{"rendered":"<p>15045.W Stainless steel seat, floor stand, white finishing<\/p>\n","protected":false},"featured_media":98531,"template":"","meta":[],"product_cat":[500,99921413,999,510,511,512],"product_tag":[],"_links":{"self":[{"href":"https:\/\/www.keramika.com\/slovenija\/wp-json\/wp\/v2\/product\/98530"}],"collection":[{"href":"https:\/\/www.keramika.com\/slovenija\/wp-json\/wp\/v2\/product"}],"about":[{"href":"https:\/\/www.keramika.com\/slovenija\/wp-json\/wp\/v2\/types\/product"}],"wp:featuredmedia":[{"embeddable":true,"href":"https:\/\/www.keramika.com\/slovenija\/wp-json\/wp\/v2\/media\/98531"}],"wp:attachment":[{"href":"https:\/\/www.keramika.com\/slovenija\/wp-json\/wp\/v2\/media?parent=98530"}],"wp:term":[{"taxonomy":"product_cat","embeddable":true,"href":"https:\/\/www.keramika.com\/slovenija\/wp-json\/wp\/v2\/product_cat?post=98530"},{"taxonomy":"product_tag","embeddable":true,"href":"https:\/\/www.keramika.com\/slovenija\/wp-json\/wp\/v2\/product_tag?post=98530"}],"curies":[{"name":"wp","href":"https:\/\/api.w.org\/{rel}","templated":true}]}}