{"id":98526,"date":"2017-03-22T22:09:14","date_gmt":"2017-03-22T22:09:14","guid":{"rendered":"http:\/\/keramika.holest.com\/slovenija\/product\/zlozljiv-sedez-za-tus-iz-nerjavecega-jekla-poliran\/"},"modified":"2025-12-31T00:01:43","modified_gmt":"2025-12-31T00:01:43","slug":"zlozljiv-sedez-za-tus-iz-nerjavecega-jekla-poliran","status":"publish","type":"product","link":"https:\/\/www.keramika.com\/slovenija\/zlozljiv-sedez-za-tus-iz-nerjavecega-jekla-poliran\/","title":{"rendered":"Zlo\u017eljiv sede\u017e za tu\u0161 iz nerjave\u010dega jekla, poliran"},"content":{"rendered":"<p>15045.B Stainless steel seat, floor stand, polish finishing<br \/><a class=\"\"pdfcatal\" href=\"\/\/www.ceramictiles.com\/pdf\/e-ceramica\/inox_sanitary_ware.pdf\">Inox sanitarna oprema \u2013 katalog in cene<\/a><\/p>\n<p>Technical description: PID-15045.B <br \/>Folding Shower Seat ; With Floor Support ; Dimensions ; 440 X 450 X 410 mm ;<\/p>\n","protected":false},"excerpt":{"rendered":"<p>15045.B Stainless steel seat, floor stand, polish finishing<\/p>\n","protected":false},"featured_media":98527,"template":"","meta":[],"product_cat":[500,99921413,999,510,511,512],"product_tag":[],"_links":{"self":[{"href":"https:\/\/www.keramika.com\/slovenija\/wp-json\/wp\/v2\/product\/98526"}],"collection":[{"href":"https:\/\/www.keramika.com\/slovenija\/wp-json\/wp\/v2\/product"}],"about":[{"href":"https:\/\/www.keramika.com\/slovenija\/wp-json\/wp\/v2\/types\/product"}],"wp:featuredmedia":[{"embeddable":true,"href":"https:\/\/www.keramika.com\/slovenija\/wp-json\/wp\/v2\/media\/98527"}],"wp:attachment":[{"href":"https:\/\/www.keramika.com\/slovenija\/wp-json\/wp\/v2\/media?parent=98526"}],"wp:term":[{"taxonomy":"product_cat","embeddable":true,"href":"https:\/\/www.keramika.com\/slovenija\/wp-json\/wp\/v2\/product_cat?post=98526"},{"taxonomy":"product_tag","embeddable":true,"href":"https:\/\/www.keramika.com\/slovenija\/wp-json\/wp\/v2\/product_tag?post=98526"}],"curies":[{"name":"wp","href":"https:\/\/api.w.org\/{rel}","templated":true}]}}